{"id":973,"date":"2025-06-11T09:07:52","date_gmt":"2025-06-11T09:07:52","guid":{"rendered":"https:\/\/nuovakiwi.it\/prodotto\/encoder-magnetici\/"},"modified":"2025-06-12T13:17:56","modified_gmt":"2025-06-12T13:17:56","slug":"encoder","status":"publish","type":"product","link":"https:\/\/nuovakiwi.it\/es\/producto\/encoder\/","title":{"rendered":"Encoder"},"content":{"rendered":"<h3>CARACTER\u00cdSTICAS DE CONSTRUCCI\u00d3N<\/h3>\n<p>El encoder magn\u00e9tico ha sido dise\u00f1ado para utilizarse como encoder rotativo incremental en m\u00faltiples aplicaciones. Combinado con su motor correspondiente, puede emplearse para el control de sistemas robotizados, para el posicionamiento de sistemas de transporte y manipulaci\u00f3n, as\u00ed como en cualquier aplicaci\u00f3n que requiera un motor con control de velocidad y posici\u00f3n.<\/p>\n<p>El circuito est\u00e1 compuesto por un sensor de doble canal, sensible a la polaridad generada por el im\u00e1n.<br \/>\nLa se\u00f1al puede ser gestionada directamente por un microprocesador o mediante conversores.<\/p>\n","protected":false},"excerpt":{"rendered":"<p>CARACTER\u00cdSTICAS DE CONSTRUCCI\u00d3N El encoder magn\u00e9tico ha sido dise\u00f1ado para utilizarse como encoder rotativo incremental en m\u00faltiples aplicaciones. Combinado con su motor correspondiente, puede emplearse para el control de sistemas robotizados, para el posicionamiento de sistemas de transporte y manipulaci\u00f3n, as\u00ed como en cualquier aplicaci\u00f3n que requiera un motor con control de velocidad y posici\u00f3n. [&hellip;]<\/p>\n","protected":false},"featured_media":687,"comment_status":"closed","ping_status":"closed","template":"","meta":{"_acf_changed":false,"_et_pb_use_builder":"","_et_pb_old_content":"","_et_gb_content_width":""},"product_brand":[],"product_cat":[44],"product_tag":[],"class_list":{"0":"post-973","1":"product","2":"type-product","3":"status-publish","4":"has-post-thumbnail","6":"product_cat-accessorios-electronicos-de-gestion","8":"first","9":"instock","10":"shipping-taxable","11":"product-type-simple"},"acf":[],"_links":{"self":[{"href":"https:\/\/nuovakiwi.it\/es\/wp-json\/wp\/v2\/product\/973","targetHints":{"allow":["GET"]}}],"collection":[{"href":"https:\/\/nuovakiwi.it\/es\/wp-json\/wp\/v2\/product"}],"about":[{"href":"https:\/\/nuovakiwi.it\/es\/wp-json\/wp\/v2\/types\/product"}],"replies":[{"embeddable":true,"href":"https:\/\/nuovakiwi.it\/es\/wp-json\/wp\/v2\/comments?post=973"}],"wp:featuredmedia":[{"embeddable":true,"href":"https:\/\/nuovakiwi.it\/es\/wp-json\/wp\/v2\/media\/687"}],"wp:attachment":[{"href":"https:\/\/nuovakiwi.it\/es\/wp-json\/wp\/v2\/media?parent=973"}],"wp:term":[{"taxonomy":"product_brand","embeddable":true,"href":"https:\/\/nuovakiwi.it\/es\/wp-json\/wp\/v2\/product_brand?post=973"},{"taxonomy":"product_cat","embeddable":true,"href":"https:\/\/nuovakiwi.it\/es\/wp-json\/wp\/v2\/product_cat?post=973"},{"taxonomy":"product_tag","embeddable":true,"href":"https:\/\/nuovakiwi.it\/es\/wp-json\/wp\/v2\/product_tag?post=973"}],"curies":[{"name":"wp","href":"https:\/\/api.w.org\/{rel}","templated":true}]}}