{"id":965,"date":"2025-06-11T09:04:53","date_gmt":"2025-06-11T09:04:53","guid":{"rendered":"https:\/\/nuovakiwi.it\/prodotto\/scheda-v2\/"},"modified":"2025-06-12T13:12:09","modified_gmt":"2025-06-12T13:12:09","slug":"placa-electronica_v2","status":"publish","type":"product","link":"https:\/\/nuovakiwi.it\/es\/producto\/placa-electronica_v2\/","title":{"rendered":"Placa electronica_V2"},"content":{"rendered":"<h3>CARACTER\u00cdSTICAS DE CONSTRUCCI\u00d3N<\/h3>\n<ul>\n<li>Tensi\u00f3n de alimentaci\u00f3n de la placa: 24V DC \u00b115%<\/li>\n<li>Corriente m\u00e1xima suministrada: 6A DC (10A con disipadores)<\/li>\n<li>Control de arranque\/parada del motor<\/li>\n<li>Control de direcci\u00f3n CW\/CCW<\/li>\n<li>Control de rampa de arranque<\/li>\n<li>Control de rampa de frenado<\/li>\n<li>Retroalimentaci\u00f3n de velocidad mediante encoder<\/li>\n<li>Regulaci\u00f3n de velocidad mediante potenci\u00f3metro o se\u00f1al externa 0\u20135V \/ 0\u201310V \/ 4\u201320mA<\/li>\n<li>Salida de se\u00f1al del encoder mediante se\u00f1al con b\u00fafer<\/li>\n<li>Alimentaci\u00f3n del encoder: +5V \/ +24V<\/li>\n<li>Funci\u00f3n de limitaci\u00f3n de corriente absorbida por el motorreductor<\/li>\n<li>Protecci\u00f3n contra sobrecorriente con reinicio autom\u00e1tico o manual<\/li>\n<li>Pantalla adicional para ajuste de finales de carrera electr\u00f3nicos min\/m\u00e1x<\/li>\n<li>Memorizaci\u00f3n de par\u00e1metros a bordo<\/li>\n<li>Protecci\u00f3n contra cortocircuito mediante fusible<\/li>\n<li>Protecci\u00f3n contra inversi\u00f3n de polaridad mediante fusible<\/li>\n<li>Protecci\u00f3n autom\u00e1tica contra sobretemperatura<\/li>\n<li>TARJETA RECTIFICADORA DISPONIBLE \u2192 24V AC \u2192 24V DC<\/li>\n<\/ul>\n","protected":false},"excerpt":{"rendered":"<p>CARACTER\u00cdSTICAS DE CONSTRUCCI\u00d3N Tensi\u00f3n de alimentaci\u00f3n de la placa: 24V DC \u00b115% Corriente m\u00e1xima suministrada: 6A DC (10A con disipadores) Control de arranque\/parada del motor Control de direcci\u00f3n CW\/CCW Control de rampa de arranque Control de rampa de frenado Retroalimentaci\u00f3n de velocidad mediante encoder Regulaci\u00f3n de velocidad mediante potenci\u00f3metro o se\u00f1al externa 0\u20135V \/ 0\u201310V [&hellip;]<\/p>\n","protected":false},"featured_media":675,"comment_status":"closed","ping_status":"closed","template":"","meta":{"_acf_changed":false,"_et_pb_use_builder":"","_et_pb_old_content":"","_et_gb_content_width":""},"product_brand":[],"product_cat":[44],"product_tag":[],"class_list":{"0":"post-965","1":"product","2":"type-product","3":"status-publish","4":"has-post-thumbnail","6":"product_cat-accessorios-electronicos-de-gestion","8":"first","9":"instock","10":"shipping-taxable","11":"product-type-simple"},"acf":[],"_links":{"self":[{"href":"https:\/\/nuovakiwi.it\/es\/wp-json\/wp\/v2\/product\/965","targetHints":{"allow":["GET"]}}],"collection":[{"href":"https:\/\/nuovakiwi.it\/es\/wp-json\/wp\/v2\/product"}],"about":[{"href":"https:\/\/nuovakiwi.it\/es\/wp-json\/wp\/v2\/types\/product"}],"replies":[{"embeddable":true,"href":"https:\/\/nuovakiwi.it\/es\/wp-json\/wp\/v2\/comments?post=965"}],"wp:featuredmedia":[{"embeddable":true,"href":"https:\/\/nuovakiwi.it\/es\/wp-json\/wp\/v2\/media\/675"}],"wp:attachment":[{"href":"https:\/\/nuovakiwi.it\/es\/wp-json\/wp\/v2\/media?parent=965"}],"wp:term":[{"taxonomy":"product_brand","embeddable":true,"href":"https:\/\/nuovakiwi.it\/es\/wp-json\/wp\/v2\/product_brand?post=965"},{"taxonomy":"product_cat","embeddable":true,"href":"https:\/\/nuovakiwi.it\/es\/wp-json\/wp\/v2\/product_cat?post=965"},{"taxonomy":"product_tag","embeddable":true,"href":"https:\/\/nuovakiwi.it\/es\/wp-json\/wp\/v2\/product_tag?post=965"}],"curies":[{"name":"wp","href":"https:\/\/api.w.org\/{rel}","templated":true}]}}