{"id":958,"date":"2025-06-11T09:02:23","date_gmt":"2025-06-11T09:02:23","guid":{"rendered":"https:\/\/nuovakiwi.it\/prodotto\/scheda-v1\/"},"modified":"2025-06-12T12:58:37","modified_gmt":"2025-06-12T12:58:37","slug":"placa-electronica_v1","status":"publish","type":"product","link":"https:\/\/nuovakiwi.it\/es\/producto\/placa-electronica_v1\/","title":{"rendered":"Placa electronica_V1"},"content":{"rendered":"<h3>CARACTER\u00cdSTICAS DE CONSTRUCCI\u00d3N<\/h3>\n<ul>\n<li>Accionamiento unidireccional<\/li>\n<li>Corriente m\u00e1xima suministrada: 6A DC<\/li>\n<li>Tensi\u00f3n de alimentaci\u00f3n de la placa: 24V DC +15%<\/li>\n<li>Tensi\u00f3n de alimentaci\u00f3n del motorreductor: 24V DC<\/li>\n<li>Control de arranque\/parada<\/li>\n<li>Velocidad constante con par variable mediante retroalimentaci\u00f3n de voltaje<\/li>\n<li>Regulaci\u00f3n de velocidad mediante potenci\u00f3metro o se\u00f1al de referencia externa con entrada de 0\u20135V<\/li>\n<li>Regulaci\u00f3n de rampas de aceleraci\u00f3n y deceleraci\u00f3n<\/li>\n<li>Regulaci\u00f3n del tiempo de pausa mediante potenci\u00f3metro o referencia externa a 0\u20135V<\/li>\n<li>Gesti\u00f3n de se\u00f1al de parada mediante contacto externo NA o NC<\/li>\n<li>Protecci\u00f3n del motorreductor mediante fusible y varistor<\/li>\n<li>TARJETA RECTIFICADORA DISPONIBLE \u2192 24V AC \u2192 24V DC<\/li>\n<\/ul>\n","protected":false},"excerpt":{"rendered":"<p>CARACTER\u00cdSTICAS DE CONSTRUCCI\u00d3N Accionamiento unidireccional Corriente m\u00e1xima suministrada: 6A DC Tensi\u00f3n de alimentaci\u00f3n de la placa: 24V DC +15% Tensi\u00f3n de alimentaci\u00f3n del motorreductor: 24V DC Control de arranque\/parada Velocidad constante con par variable mediante retroalimentaci\u00f3n de voltaje Regulaci\u00f3n de velocidad mediante potenci\u00f3metro o se\u00f1al de referencia externa con entrada de 0\u20135V Regulaci\u00f3n de rampas [&hellip;]<\/p>\n","protected":false},"featured_media":666,"comment_status":"closed","ping_status":"closed","template":"","meta":{"_acf_changed":false,"_et_pb_use_builder":"","_et_pb_old_content":"","_et_gb_content_width":""},"product_brand":[],"product_cat":[44],"product_tag":[],"class_list":{"0":"post-958","1":"product","2":"type-product","3":"status-publish","4":"has-post-thumbnail","6":"product_cat-accessorios-electronicos-de-gestion","8":"first","9":"instock","10":"shipping-taxable","11":"product-type-simple"},"acf":[],"_links":{"self":[{"href":"https:\/\/nuovakiwi.it\/es\/wp-json\/wp\/v2\/product\/958","targetHints":{"allow":["GET"]}}],"collection":[{"href":"https:\/\/nuovakiwi.it\/es\/wp-json\/wp\/v2\/product"}],"about":[{"href":"https:\/\/nuovakiwi.it\/es\/wp-json\/wp\/v2\/types\/product"}],"replies":[{"embeddable":true,"href":"https:\/\/nuovakiwi.it\/es\/wp-json\/wp\/v2\/comments?post=958"}],"wp:featuredmedia":[{"embeddable":true,"href":"https:\/\/nuovakiwi.it\/es\/wp-json\/wp\/v2\/media\/666"}],"wp:attachment":[{"href":"https:\/\/nuovakiwi.it\/es\/wp-json\/wp\/v2\/media?parent=958"}],"wp:term":[{"taxonomy":"product_brand","embeddable":true,"href":"https:\/\/nuovakiwi.it\/es\/wp-json\/wp\/v2\/product_brand?post=958"},{"taxonomy":"product_cat","embeddable":true,"href":"https:\/\/nuovakiwi.it\/es\/wp-json\/wp\/v2\/product_cat?post=958"},{"taxonomy":"product_tag","embeddable":true,"href":"https:\/\/nuovakiwi.it\/es\/wp-json\/wp\/v2\/product_tag?post=958"}],"curies":[{"name":"wp","href":"https:\/\/api.w.org\/{rel}","templated":true}]}}