{"id":944,"date":"2025-06-11T08:56:04","date_gmt":"2025-06-11T08:56:04","guid":{"rendered":"https:\/\/nuovakiwi.it\/prodotto\/scheda-s1\/"},"modified":"2025-06-12T12:36:28","modified_gmt":"2025-06-12T12:36:28","slug":"placa-electronica-s1","status":"publish","type":"product","link":"https:\/\/nuovakiwi.it\/es\/producto\/placa-electronica-s1\/","title":{"rendered":"Placa Electronica S1"},"content":{"rendered":"<h3>CARACTER\u00cdSTICAS DE CONSTRUCCI\u00d3N<\/h3>\n<ul>\n<li>Corriente m\u00e1xima suministrada: 4A DC<\/li>\n<li>Tensi\u00f3n de alimentaci\u00f3n de la placa: 24V AC<\/li>\n<li>Tensi\u00f3n de alimentaci\u00f3n del motorreductor: 24V DC<\/li>\n<li>Regulaci\u00f3n de velocidad mediante potenci\u00f3metro<\/li>\n<li>Protecci\u00f3n del motorreductor mediante fusible<\/li>\n<\/ul>\n","protected":false},"excerpt":{"rendered":"<p>CARACTER\u00cdSTICAS DE CONSTRUCCI\u00d3N Corriente m\u00e1xima suministrada: 4A DC Tensi\u00f3n de alimentaci\u00f3n de la placa: 24V AC Tensi\u00f3n de alimentaci\u00f3n del motorreductor: 24V DC Regulaci\u00f3n de velocidad mediante potenci\u00f3metro Protecci\u00f3n del motorreductor mediante fusible<\/p>\n","protected":false},"featured_media":651,"comment_status":"closed","ping_status":"closed","template":"","meta":{"_acf_changed":false,"_et_pb_use_builder":"","_et_pb_old_content":"","_et_gb_content_width":""},"product_brand":[],"product_cat":[44],"product_tag":[],"class_list":{"0":"post-944","1":"product","2":"type-product","3":"status-publish","4":"has-post-thumbnail","6":"product_cat-accessorios-electronicos-de-gestion","8":"first","9":"instock","10":"shipping-taxable","11":"product-type-simple"},"acf":[],"_links":{"self":[{"href":"https:\/\/nuovakiwi.it\/es\/wp-json\/wp\/v2\/product\/944","targetHints":{"allow":["GET"]}}],"collection":[{"href":"https:\/\/nuovakiwi.it\/es\/wp-json\/wp\/v2\/product"}],"about":[{"href":"https:\/\/nuovakiwi.it\/es\/wp-json\/wp\/v2\/types\/product"}],"replies":[{"embeddable":true,"href":"https:\/\/nuovakiwi.it\/es\/wp-json\/wp\/v2\/comments?post=944"}],"wp:featuredmedia":[{"embeddable":true,"href":"https:\/\/nuovakiwi.it\/es\/wp-json\/wp\/v2\/media\/651"}],"wp:attachment":[{"href":"https:\/\/nuovakiwi.it\/es\/wp-json\/wp\/v2\/media?parent=944"}],"wp:term":[{"taxonomy":"product_brand","embeddable":true,"href":"https:\/\/nuovakiwi.it\/es\/wp-json\/wp\/v2\/product_brand?post=944"},{"taxonomy":"product_cat","embeddable":true,"href":"https:\/\/nuovakiwi.it\/es\/wp-json\/wp\/v2\/product_cat?post=944"},{"taxonomy":"product_tag","embeddable":true,"href":"https:\/\/nuovakiwi.it\/es\/wp-json\/wp\/v2\/product_tag?post=944"}],"curies":[{"name":"wp","href":"https:\/\/api.w.org\/{rel}","templated":true}]}}