{"id":895,"date":"2025-06-10T16:09:32","date_gmt":"2025-06-10T16:09:32","guid":{"rendered":"https:\/\/nuovakiwi.it\/prodotto\/serie-ev-800\/"},"modified":"2025-06-12T12:03:29","modified_gmt":"2025-06-12T12:03:29","slug":"serie-ev-800","status":"publish","type":"product","link":"https:\/\/nuovakiwi.it\/es\/producto\/serie-ev-800\/","title":{"rendered":"Serie EV.800"},"content":{"rendered":"<h3>CARACTER\u00cdSTICAS DE CONSTRUCCI\u00d3N<\/h3>\n<p>El motorreductor de tornillos sin fin EV800, monta un motor de imanes permanentes de di\u00e1metro 77mm y est\u00e1 construido con sistemas modernos y materiales de alta calidad. El perfil especial y evolucionado del tornillosin fin (obtenido directamente en el eje del motor), se acopla a una corona dentada en un material pl\u00e1stico de alta resistencia al desgaste. Este sistema garantiza una larga vida al motorreductor y es particularmente apre.<\/p>\n","protected":false},"excerpt":{"rendered":"<p>CARACTER\u00cdSTICAS DE CONSTRUCCI\u00d3N El motorreductor de tornillos sin fin EV800, monta un motor de imanes permanentes de di\u00e1metro 77mm y est\u00e1 construido con sistemas modernos y materiales de alta calidad. El perfil especial y evolucionado del tornillosin fin (obtenido directamente en el eje del motor), se acopla a una corona dentada en un material pl\u00e1stico [&hellip;]<\/p>\n","protected":false},"featured_media":597,"comment_status":"closed","ping_status":"closed","template":"","meta":{"_acf_changed":false,"_et_pb_use_builder":"","_et_pb_old_content":"","_et_gb_content_width":""},"product_brand":[],"product_cat":[43,59],"product_tag":[],"class_list":{"0":"post-895","1":"product","2":"type-product","3":"status-publish","4":"has-post-thumbnail","6":"product_cat-motorreductores","7":"product_cat-630v-dc-de-tornillos-sin-fin","9":"first","10":"instock","11":"shipping-taxable","12":"product-type-simple"},"acf":[],"_links":{"self":[{"href":"https:\/\/nuovakiwi.it\/es\/wp-json\/wp\/v2\/product\/895","targetHints":{"allow":["GET"]}}],"collection":[{"href":"https:\/\/nuovakiwi.it\/es\/wp-json\/wp\/v2\/product"}],"about":[{"href":"https:\/\/nuovakiwi.it\/es\/wp-json\/wp\/v2\/types\/product"}],"replies":[{"embeddable":true,"href":"https:\/\/nuovakiwi.it\/es\/wp-json\/wp\/v2\/comments?post=895"}],"wp:featuredmedia":[{"embeddable":true,"href":"https:\/\/nuovakiwi.it\/es\/wp-json\/wp\/v2\/media\/597"}],"wp:attachment":[{"href":"https:\/\/nuovakiwi.it\/es\/wp-json\/wp\/v2\/media?parent=895"}],"wp:term":[{"taxonomy":"product_brand","embeddable":true,"href":"https:\/\/nuovakiwi.it\/es\/wp-json\/wp\/v2\/product_brand?post=895"},{"taxonomy":"product_cat","embeddable":true,"href":"https:\/\/nuovakiwi.it\/es\/wp-json\/wp\/v2\/product_cat?post=895"},{"taxonomy":"product_tag","embeddable":true,"href":"https:\/\/nuovakiwi.it\/es\/wp-json\/wp\/v2\/product_tag?post=895"}],"curies":[{"name":"wp","href":"https:\/\/api.w.org\/{rel}","templated":true}]}}