{"id":888,"date":"2025-06-10T16:07:15","date_gmt":"2025-06-10T16:07:15","guid":{"rendered":"https:\/\/nuovakiwi.it\/prodotto\/serie-45-k60\/"},"modified":"2025-06-12T10:32:37","modified_gmt":"2025-06-12T10:32:37","slug":"serie-45-k60","status":"publish","type":"product","link":"https:\/\/nuovakiwi.it\/es\/producto\/serie-45-k60\/","title":{"rendered":"Serie 45.K60"},"content":{"rendered":"<h3>APLICACIONES<\/h3>\n<ul>\n<li>Estufas y calderas de pellet<\/li>\n<li>Vending<\/li>\n<li>M\u00e1quinas para la agricoltura<\/li>\n<li>M\u00e1quinas para la automatizaci\u00f3n<\/li>\n<\/ul>\n<h3>CARACTER\u00cdSTICAS DE CONSTRUCCI\u00d3N<\/h3>\n<ul>\n<li>Motor de imanes permanente, bidireccional, tensi\u00f3n de alimentaci\u00f3n 6\u00f724V DC<\/li>\n<li>La caja del reductor est\u00e1 fabricada presofusi\u00f3n de zamak<\/li>\n<li>La reducci\u00f3n mec\u00e1nica es de tornillo sin fin<\/li>\n<li>El motorreductor es irreversible y puede soportar cargas pasivas<\/li>\n<li>Para la fijaci\u00f3n dispone de 4 agujeros con rosca M4 con una penetraci\u00f3n de hasta 4mm<\/li>\n<li>Servicio continuo o intermitente<\/li>\n<\/ul>\n<h3>PERSONALIZACIONES Y ACCESORIOS A PETICI\u00d3N<\/h3>\n<ul>\n<li>Eje de salida reductor<\/li>\n<li>Cableado personalizado<\/li>\n<li>Encoder magnetico<\/li>\n<\/ul>\n","protected":false},"excerpt":{"rendered":"<p>APLICACIONES Estufas y calderas de pellet Vending M\u00e1quinas para la agricoltura M\u00e1quinas para la automatizaci\u00f3n CARACTER\u00cdSTICAS DE CONSTRUCCI\u00d3N Motor de imanes permanente, bidireccional, tensi\u00f3n de alimentaci\u00f3n 6\u00f724V DC La caja del reductor est\u00e1 fabricada presofusi\u00f3n de zamak La reducci\u00f3n mec\u00e1nica es de tornillo sin fin El motorreductor es irreversible y puede soportar cargas pasivas Para [&hellip;]<\/p>\n","protected":false},"featured_media":591,"comment_status":"closed","ping_status":"closed","template":"","meta":{"_acf_changed":false,"_et_pb_use_builder":"","_et_pb_old_content":"","_et_gb_content_width":""},"product_brand":[],"product_cat":[43,59],"product_tag":[],"class_list":{"0":"post-888","1":"product","2":"type-product","3":"status-publish","4":"has-post-thumbnail","6":"product_cat-motorreductores","7":"product_cat-630v-dc-de-tornillos-sin-fin","9":"first","10":"instock","11":"shipping-taxable","12":"product-type-simple"},"acf":[],"_links":{"self":[{"href":"https:\/\/nuovakiwi.it\/es\/wp-json\/wp\/v2\/product\/888","targetHints":{"allow":["GET"]}}],"collection":[{"href":"https:\/\/nuovakiwi.it\/es\/wp-json\/wp\/v2\/product"}],"about":[{"href":"https:\/\/nuovakiwi.it\/es\/wp-json\/wp\/v2\/types\/product"}],"replies":[{"embeddable":true,"href":"https:\/\/nuovakiwi.it\/es\/wp-json\/wp\/v2\/comments?post=888"}],"wp:featuredmedia":[{"embeddable":true,"href":"https:\/\/nuovakiwi.it\/es\/wp-json\/wp\/v2\/media\/591"}],"wp:attachment":[{"href":"https:\/\/nuovakiwi.it\/es\/wp-json\/wp\/v2\/media?parent=888"}],"wp:term":[{"taxonomy":"product_brand","embeddable":true,"href":"https:\/\/nuovakiwi.it\/es\/wp-json\/wp\/v2\/product_brand?post=888"},{"taxonomy":"product_cat","embeddable":true,"href":"https:\/\/nuovakiwi.it\/es\/wp-json\/wp\/v2\/product_cat?post=888"},{"taxonomy":"product_tag","embeddable":true,"href":"https:\/\/nuovakiwi.it\/es\/wp-json\/wp\/v2\/product_tag?post=888"}],"curies":[{"name":"wp","href":"https:\/\/api.w.org\/{rel}","templated":true}]}}