{"id":881,"date":"2025-06-10T16:04:33","date_gmt":"2025-06-10T16:04:33","guid":{"rendered":"https:\/\/nuovakiwi.it\/prodotto\/serie-55-n15\/"},"modified":"2025-06-12T10:26:45","modified_gmt":"2025-06-12T10:26:45","slug":"serie-55-n15","status":"publish","type":"product","link":"https:\/\/nuovakiwi.it\/es\/producto\/serie-55-n15\/","title":{"rendered":"Serie 55.N15"},"content":{"rendered":"<h3>APLICACIONES<\/h3>\n<ul>\n<li>Estufas y calderas de pellet<\/li>\n<li>Asadoras<\/li>\n<li>M\u00e1quinas alimentarias<\/li>\n<li>Vending<\/li>\n<li>M\u00e1quinas para la automatizaci\u00f3n<\/li>\n<\/ul>\n<h3>CARACTER\u00cdSTICAS DE CONSTRUCCI\u00d3N<\/h3>\n<ul>\n<li>Motor as\u00edncrono de una fase, tensi\u00f3n de alimentaci\u00f3n 230V AC 50 Hz<\/li>\n<li>Engranajes en acero mdp y caja del reductor en presofusi\u00f3n de zamak<\/li>\n<li>Para la fijaci\u00f3n dispone de 6 agujeros M5<\/li>\n<li>Reversible<\/li>\n<\/ul>\n","protected":false},"excerpt":{"rendered":"<p>APLICACIONES Estufas y calderas de pellet Asadoras M\u00e1quinas alimentarias Vending M\u00e1quinas para la automatizaci\u00f3n CARACTER\u00cdSTICAS DE CONSTRUCCI\u00d3N Motor as\u00edncrono de una fase, tensi\u00f3n de alimentaci\u00f3n 230V AC 50 Hz Engranajes en acero mdp y caja del reductor en presofusi\u00f3n de zamak Para la fijaci\u00f3n dispone de 6 agujeros M5 Reversible<\/p>\n","protected":false},"featured_media":585,"comment_status":"closed","ping_status":"closed","template":"","meta":{"_acf_changed":false,"_et_pb_use_builder":"","_et_pb_old_content":"","_et_gb_content_width":""},"product_brand":[],"product_cat":[43,58],"product_tag":[],"class_list":{"0":"post-881","1":"product","2":"type-product","3":"status-publish","4":"has-post-thumbnail","6":"product_cat-motorreductores","7":"product_cat-230v-ac-50-hz-es","9":"first","10":"instock","11":"shipping-taxable","12":"product-type-simple"},"acf":[],"_links":{"self":[{"href":"https:\/\/nuovakiwi.it\/es\/wp-json\/wp\/v2\/product\/881","targetHints":{"allow":["GET"]}}],"collection":[{"href":"https:\/\/nuovakiwi.it\/es\/wp-json\/wp\/v2\/product"}],"about":[{"href":"https:\/\/nuovakiwi.it\/es\/wp-json\/wp\/v2\/types\/product"}],"replies":[{"embeddable":true,"href":"https:\/\/nuovakiwi.it\/es\/wp-json\/wp\/v2\/comments?post=881"}],"wp:featuredmedia":[{"embeddable":true,"href":"https:\/\/nuovakiwi.it\/es\/wp-json\/wp\/v2\/media\/585"}],"wp:attachment":[{"href":"https:\/\/nuovakiwi.it\/es\/wp-json\/wp\/v2\/media?parent=881"}],"wp:term":[{"taxonomy":"product_brand","embeddable":true,"href":"https:\/\/nuovakiwi.it\/es\/wp-json\/wp\/v2\/product_brand?post=881"},{"taxonomy":"product_cat","embeddable":true,"href":"https:\/\/nuovakiwi.it\/es\/wp-json\/wp\/v2\/product_cat?post=881"},{"taxonomy":"product_tag","embeddable":true,"href":"https:\/\/nuovakiwi.it\/es\/wp-json\/wp\/v2\/product_tag?post=881"}],"curies":[{"name":"wp","href":"https:\/\/api.w.org\/{rel}","templated":true}]}}