{"id":873,"date":"2025-06-10T16:03:10","date_gmt":"2025-06-10T16:03:10","guid":{"rendered":"https:\/\/nuovakiwi.it\/prodotto\/serie-l-129\/"},"modified":"2025-06-12T10:19:50","modified_gmt":"2025-06-12T10:19:50","slug":"serie-l-129","status":"publish","type":"product","link":"https:\/\/nuovakiwi.it\/es\/producto\/serie-l-129\/","title":{"rendered":"Serie L.129"},"content":{"rendered":"<h3>APLICACIONES<\/h3>\n<ul>\n<li>M\u00e1quinas para la agricoltura<\/li>\n<li>Vending<\/li>\n<li>M\u00e1quinas para la automatizaci\u00f3n<\/li>\n<\/ul>\n<h3>CARACTER\u00cdSTICAS DE CONSTRUCCI\u00d3N<\/h3>\n<ul>\n<li>Motor de imanes permanente, bidireccional, tensi\u00f3n de alimentaci\u00f3n 12\u00f724V<\/li>\n<li>Motorreductor planetario hasta tre nivels<\/li>\n<li>El eje lento de salida se desliza sobre bujes autolubricados<\/li>\n<li>Para la fijaci\u00f3n dispone de 3 agujeros \u00d8 2,4 mm con penetraci\u00f3n de hasta 10 mm<\/li>\n<li>Servicio continuo o intermitente<\/li>\n<\/ul>\n<h3>PERSONALIZACIONES Y ACCESORIOS A PETICI\u00d3N<\/h3>\n<ul>\n<li>Cableado personalizado<\/li>\n<li>Variaciones de la velocidad de salida<\/li>\n<li>Encoder magnetico<\/li>\n<\/ul>\n","protected":false},"excerpt":{"rendered":"<p>APLICACIONES M\u00e1quinas para la agricoltura Vending M\u00e1quinas para la automatizaci\u00f3n CARACTER\u00cdSTICAS DE CONSTRUCCI\u00d3N Motor de imanes permanente, bidireccional, tensi\u00f3n de alimentaci\u00f3n 12\u00f724V Motorreductor planetario hasta tre nivels El eje lento de salida se desliza sobre bujes autolubricados Para la fijaci\u00f3n dispone de 3 agujeros \u00d8 2,4 mm con penetraci\u00f3n de hasta 10 mm Servicio continuo [&hellip;]<\/p>\n","protected":false},"featured_media":579,"comment_status":"closed","ping_status":"closed","template":"","meta":{"_acf_changed":false,"_et_pb_use_builder":"","_et_pb_old_content":"","_et_gb_content_width":""},"product_brand":[],"product_cat":[43,57],"product_tag":[],"class_list":{"0":"post-873","1":"product","2":"type-product","3":"status-publish","4":"has-post-thumbnail","6":"product_cat-motorreductores","7":"product_cat-planetarios-624v-dc","9":"first","10":"instock","11":"shipping-taxable","12":"product-type-simple"},"acf":[],"_links":{"self":[{"href":"https:\/\/nuovakiwi.it\/es\/wp-json\/wp\/v2\/product\/873","targetHints":{"allow":["GET"]}}],"collection":[{"href":"https:\/\/nuovakiwi.it\/es\/wp-json\/wp\/v2\/product"}],"about":[{"href":"https:\/\/nuovakiwi.it\/es\/wp-json\/wp\/v2\/types\/product"}],"replies":[{"embeddable":true,"href":"https:\/\/nuovakiwi.it\/es\/wp-json\/wp\/v2\/comments?post=873"}],"wp:featuredmedia":[{"embeddable":true,"href":"https:\/\/nuovakiwi.it\/es\/wp-json\/wp\/v2\/media\/579"}],"wp:attachment":[{"href":"https:\/\/nuovakiwi.it\/es\/wp-json\/wp\/v2\/media?parent=873"}],"wp:term":[{"taxonomy":"product_brand","embeddable":true,"href":"https:\/\/nuovakiwi.it\/es\/wp-json\/wp\/v2\/product_brand?post=873"},{"taxonomy":"product_cat","embeddable":true,"href":"https:\/\/nuovakiwi.it\/es\/wp-json\/wp\/v2\/product_cat?post=873"},{"taxonomy":"product_tag","embeddable":true,"href":"https:\/\/nuovakiwi.it\/es\/wp-json\/wp\/v2\/product_tag?post=873"}],"curies":[{"name":"wp","href":"https:\/\/api.w.org\/{rel}","templated":true}]}}