{"id":859,"date":"2025-06-10T15:57:52","date_gmt":"2025-06-10T15:57:52","guid":{"rendered":"https:\/\/nuovakiwi.it\/prodotto\/serie-l-142\/"},"modified":"2025-06-12T10:08:27","modified_gmt":"2025-06-12T10:08:27","slug":"serie-l-142","status":"publish","type":"product","link":"https:\/\/nuovakiwi.it\/es\/producto\/serie-l-142\/","title":{"rendered":"Serie L.142"},"content":{"rendered":"<h3>APLICACIONES<\/h3>\n<ul>\n<li>M\u00e1quinas para la automatizaci\u00f3n<\/li>\n<li>Actuadores lineales<\/li>\n<li>Estufas y calderas de pellet<\/li>\n<\/ul>\n<h3>CARACTER\u00cdSTICAS DE CONSTRUCCI\u00d3N<\/h3>\n<ul>\n<li>Motor de imanes permanente, bidirecciona, tensi\u00f3n de alimentaci\u00f3n 6\u00f724V<\/li>\n<li>La caja del reductor est\u00e1 fabricada presofusi\u00f3n de zamak, los engranajes son en acero Mdp.<\/li>\n<li>Servicio continuo o intermitente<\/li>\n<li>Reduccion planetaria<\/li>\n<li>Para la fijaci\u00f3n dispone de 4 agujeros \u00d8 3,7 con una penetracion de hasta 10mm<\/li>\n<\/ul>\n<h3>PERSONALIZACIONES Y ACCESORIOS A PETICI\u00d3N<\/h3>\n<ul>\n<li>Encoder magnetico<\/li>\n<li>Eje de salida reductor<\/li>\n<\/ul>\n","protected":false},"excerpt":{"rendered":"<p>APLICACIONES M\u00e1quinas para la automatizaci\u00f3n Actuadores lineales Estufas y calderas de pellet CARACTER\u00cdSTICAS DE CONSTRUCCI\u00d3N Motor de imanes permanente, bidirecciona, tensi\u00f3n de alimentaci\u00f3n 6\u00f724V La caja del reductor est\u00e1 fabricada presofusi\u00f3n de zamak, los engranajes son en acero Mdp. Servicio continuo o intermitente Reduccion planetaria Para la fijaci\u00f3n dispone de 4 agujeros \u00d8 3,7 con [&hellip;]<\/p>\n","protected":false},"featured_media":570,"comment_status":"closed","ping_status":"closed","template":"","meta":{"_acf_changed":false,"_et_pb_use_builder":"","_et_pb_old_content":"","_et_gb_content_width":""},"product_brand":[],"product_cat":[43,57],"product_tag":[],"class_list":{"0":"post-859","1":"product","2":"type-product","3":"status-publish","4":"has-post-thumbnail","6":"product_cat-motorreductores","7":"product_cat-planetarios-624v-dc","9":"first","10":"instock","11":"shipping-taxable","12":"product-type-simple"},"acf":[],"_links":{"self":[{"href":"https:\/\/nuovakiwi.it\/es\/wp-json\/wp\/v2\/product\/859","targetHints":{"allow":["GET"]}}],"collection":[{"href":"https:\/\/nuovakiwi.it\/es\/wp-json\/wp\/v2\/product"}],"about":[{"href":"https:\/\/nuovakiwi.it\/es\/wp-json\/wp\/v2\/types\/product"}],"replies":[{"embeddable":true,"href":"https:\/\/nuovakiwi.it\/es\/wp-json\/wp\/v2\/comments?post=859"}],"wp:featuredmedia":[{"embeddable":true,"href":"https:\/\/nuovakiwi.it\/es\/wp-json\/wp\/v2\/media\/570"}],"wp:attachment":[{"href":"https:\/\/nuovakiwi.it\/es\/wp-json\/wp\/v2\/media?parent=859"}],"wp:term":[{"taxonomy":"product_brand","embeddable":true,"href":"https:\/\/nuovakiwi.it\/es\/wp-json\/wp\/v2\/product_brand?post=859"},{"taxonomy":"product_cat","embeddable":true,"href":"https:\/\/nuovakiwi.it\/es\/wp-json\/wp\/v2\/product_cat?post=859"},{"taxonomy":"product_tag","embeddable":true,"href":"https:\/\/nuovakiwi.it\/es\/wp-json\/wp\/v2\/product_tag?post=859"}],"curies":[{"name":"wp","href":"https:\/\/api.w.org\/{rel}","templated":true}]}}