{"id":852,"date":"2025-06-10T15:55:08","date_gmt":"2025-06-10T15:55:08","guid":{"rendered":"https:\/\/nuovakiwi.it\/prodotto\/serie-l-151\/"},"modified":"2025-06-12T10:04:30","modified_gmt":"2025-06-12T10:04:30","slug":"serie-l-151","status":"publish","type":"product","link":"https:\/\/nuovakiwi.it\/es\/producto\/serie-l-151\/","title":{"rendered":"Serie L.151"},"content":{"rendered":"<h3>APLICACIONES<\/h3>\n<ul>\n<li>Actuadores lineales<\/li>\n<li>M\u00e1quinas electomedicas<\/li>\n<li>M\u00e1quinas alimentarias<\/li>\n<li>M\u00e1quinas para la agricoltura<\/li>\n<li>M\u00e1quinas para la automatizaci\u00f3n<\/li>\n<\/ul>\n<h3>CARACTER\u00cdSTICAS DE CONSTRUCCI\u00d3N<\/h3>\n<ul>\n<li>Motor de imanes permanente, bidirecciona, tensi\u00f3n de alimentaci\u00f3n 6\u00f724V<\/li>\n<li>Reduccion planetaria<\/li>\n<li>Para la fijaci\u00f3n dispone de 4 agujeros \u00d8 3,7 con una penetracion de hasta 10mm<\/li>\n<li>Eje de salida con maximo de \u00d8 14,0 mm<\/li>\n<\/ul>\n<h3>PERSONALIZACIONES Y ACCESORIOS A PETICI\u00d3N<\/h3>\n<ul>\n<li>Encoder magnetico<\/li>\n<li>Eje de salida reductor<\/li>\n<\/ul>\n","protected":false},"excerpt":{"rendered":"<p>APLICACIONES Actuadores lineales M\u00e1quinas electomedicas M\u00e1quinas alimentarias M\u00e1quinas para la agricoltura M\u00e1quinas para la automatizaci\u00f3n CARACTER\u00cdSTICAS DE CONSTRUCCI\u00d3N Motor de imanes permanente, bidirecciona, tensi\u00f3n de alimentaci\u00f3n 6\u00f724V Reduccion planetaria Para la fijaci\u00f3n dispone de 4 agujeros \u00d8 3,7 con una penetracion de hasta 10mm Eje de salida con maximo de \u00d8 14,0 mm PERSONALIZACIONES Y [&hellip;]<\/p>\n","protected":false},"featured_media":561,"comment_status":"closed","ping_status":"closed","template":"","meta":{"_acf_changed":false,"_et_pb_use_builder":"","_et_pb_old_content":"","_et_gb_content_width":""},"product_brand":[],"product_cat":[43,57],"product_tag":[],"class_list":{"0":"post-852","1":"product","2":"type-product","3":"status-publish","4":"has-post-thumbnail","6":"product_cat-motorreductores","7":"product_cat-planetarios-624v-dc","9":"first","10":"instock","11":"shipping-taxable","12":"product-type-simple"},"acf":[],"_links":{"self":[{"href":"https:\/\/nuovakiwi.it\/es\/wp-json\/wp\/v2\/product\/852","targetHints":{"allow":["GET"]}}],"collection":[{"href":"https:\/\/nuovakiwi.it\/es\/wp-json\/wp\/v2\/product"}],"about":[{"href":"https:\/\/nuovakiwi.it\/es\/wp-json\/wp\/v2\/types\/product"}],"replies":[{"embeddable":true,"href":"https:\/\/nuovakiwi.it\/es\/wp-json\/wp\/v2\/comments?post=852"}],"wp:featuredmedia":[{"embeddable":true,"href":"https:\/\/nuovakiwi.it\/es\/wp-json\/wp\/v2\/media\/561"}],"wp:attachment":[{"href":"https:\/\/nuovakiwi.it\/es\/wp-json\/wp\/v2\/media?parent=852"}],"wp:term":[{"taxonomy":"product_brand","embeddable":true,"href":"https:\/\/nuovakiwi.it\/es\/wp-json\/wp\/v2\/product_brand?post=852"},{"taxonomy":"product_cat","embeddable":true,"href":"https:\/\/nuovakiwi.it\/es\/wp-json\/wp\/v2\/product_cat?post=852"},{"taxonomy":"product_tag","embeddable":true,"href":"https:\/\/nuovakiwi.it\/es\/wp-json\/wp\/v2\/product_tag?post=852"}],"curies":[{"name":"wp","href":"https:\/\/api.w.org\/{rel}","templated":true}]}}