{"id":845,"date":"2025-06-10T15:52:54","date_gmt":"2025-06-10T15:52:54","guid":{"rendered":"https:\/\/nuovakiwi.it\/prodotto\/serie-35-m2\/"},"modified":"2025-06-12T09:55:44","modified_gmt":"2025-06-12T09:55:44","slug":"serie-35-m2","status":"publish","type":"product","link":"https:\/\/nuovakiwi.it\/es\/producto\/serie-35-m2\/","title":{"rendered":"Serie 35.M2"},"content":{"rendered":"<h3>APLICACIONES<\/h3>\n<ul>\n<li>Vending<\/li>\n<li>M\u00e1quinas alimentarias<\/li>\n<li>M\u00e1quinas para la automatizaci\u00f3n<\/li>\n<\/ul>\n<h3>CARACTER\u00cdSTICAS DE CONSTRUCCI\u00d3N<\/h3>\n<ul>\n<li>Motor de imanes permanente, bidireccional, tensi\u00f3n de alimentaci\u00f3n 6\u00f724V DC<\/li>\n<li>La caja del reductor est\u00e1 fabricada poliamida reforzada<\/li>\n<li>La reducci\u00f3n mec\u00e1nica consiste en cascadas de engranajes<\/li>\n<li>El eje de salida es hueco con secci\u00f3n hexagonal: los insertos hexagonales est\u00e1n disponibles endiferenteslongitud<\/li>\n<li>Para la fijaci\u00f3n dispone de 6 agujeros pasantes con un di\u00e1metro de 3 mm<\/li>\n<li>Servicio continuo o intermitente<\/li>\n<\/ul>\n<h3>PERSONALIZACIONES Y ACCESORIOS A PETICI\u00d3N<\/h3>\n<ul>\n<li>Eje de salida reductor<\/li>\n<li>Lubricaci\u00f3n especial para permitir el uso del motorreductor en ambientes con temperaturas por debajo de 0\u00b0<\/li>\n<li>Cableado personalizado<\/li>\n<li>Codificador magn\u00e9tico<\/li>\n<\/ul>\n","protected":false},"excerpt":{"rendered":"<p>APLICACIONES Vending M\u00e1quinas alimentarias M\u00e1quinas para la automatizaci\u00f3n CARACTER\u00cdSTICAS DE CONSTRUCCI\u00d3N Motor de imanes permanente, bidireccional, tensi\u00f3n de alimentaci\u00f3n 6\u00f724V DC La caja del reductor est\u00e1 fabricada poliamida reforzada La reducci\u00f3n mec\u00e1nica consiste en cascadas de engranajes El eje de salida es hueco con secci\u00f3n hexagonal: los insertos hexagonales est\u00e1n disponibles endiferenteslongitud Para la fijaci\u00f3n [&hellip;]<\/p>\n","protected":false},"featured_media":555,"comment_status":"closed","ping_status":"closed","template":"","meta":{"_acf_changed":false,"_et_pb_use_builder":"","_et_pb_old_content":"","_et_gb_content_width":""},"product_brand":[],"product_cat":[43,56],"product_tag":[],"class_list":{"0":"post-845","1":"product","2":"type-product","3":"status-publish","4":"has-post-thumbnail","6":"product_cat-motorreductores","7":"product_cat-ejes-parallelos-624v-dc","9":"first","10":"instock","11":"shipping-taxable","12":"product-type-simple"},"acf":[],"_links":{"self":[{"href":"https:\/\/nuovakiwi.it\/es\/wp-json\/wp\/v2\/product\/845","targetHints":{"allow":["GET"]}}],"collection":[{"href":"https:\/\/nuovakiwi.it\/es\/wp-json\/wp\/v2\/product"}],"about":[{"href":"https:\/\/nuovakiwi.it\/es\/wp-json\/wp\/v2\/types\/product"}],"replies":[{"embeddable":true,"href":"https:\/\/nuovakiwi.it\/es\/wp-json\/wp\/v2\/comments?post=845"}],"wp:featuredmedia":[{"embeddable":true,"href":"https:\/\/nuovakiwi.it\/es\/wp-json\/wp\/v2\/media\/555"}],"wp:attachment":[{"href":"https:\/\/nuovakiwi.it\/es\/wp-json\/wp\/v2\/media?parent=845"}],"wp:term":[{"taxonomy":"product_brand","embeddable":true,"href":"https:\/\/nuovakiwi.it\/es\/wp-json\/wp\/v2\/product_brand?post=845"},{"taxonomy":"product_cat","embeddable":true,"href":"https:\/\/nuovakiwi.it\/es\/wp-json\/wp\/v2\/product_cat?post=845"},{"taxonomy":"product_tag","embeddable":true,"href":"https:\/\/nuovakiwi.it\/es\/wp-json\/wp\/v2\/product_tag?post=845"}],"curies":[{"name":"wp","href":"https:\/\/api.w.org\/{rel}","templated":true}]}}