{"id":838,"date":"2025-06-10T15:51:13","date_gmt":"2025-06-10T15:51:13","guid":{"rendered":"https:\/\/nuovakiwi.it\/prodotto\/serie-35-c300\/"},"modified":"2025-06-12T09:50:13","modified_gmt":"2025-06-12T09:50:13","slug":"serie-35-c300","status":"publish","type":"product","link":"https:\/\/nuovakiwi.it\/es\/producto\/serie-35-c300\/","title":{"rendered":"Serie 35.C300"},"content":{"rendered":"<h3>APLICACIONES<\/h3>\n<ul>\n<li>Vending<\/li>\n<li>M\u00e1quinas alimentarias<\/li>\n<li>Mezcladoras<\/li>\n<li>M\u00e1quinas para la agricoltura<\/li>\n<li>M\u00e1quinas para la automatizaci\u00f3n<\/li>\n<\/ul>\n<h3>CARACTER\u00cdSTICAS DE CONSTRUCCI\u00d3N<\/h3>\n<ul>\n<li>Motor de imanes permanente, bidireccional, tensi\u00f3n de alimentaci\u00f3n 6\u00f724V<\/li>\n<li>La caja del reductor est\u00e1 fabricada presofusi\u00f3n de zamak<\/li>\n<li>La reducci\u00f3n mec\u00e1nica consiste en cascadas de engranajes<\/li>\n<li>El eje lento de salida se desliza sobre bujes autolubricados<\/li>\n<li>Para la fijaci\u00f3n dispone de 4 agujeros con rosca M4 con una penetraci\u00f3n de hasta 10mm.Si es necesario, se pueden a\u00f1adir 2 agujeros con rosca Pasadores M3<\/li>\n<li>Servicio continuo o intermitente<\/li>\n<\/ul>\n<h3>PERSONALIZACIONES Y ACCESORIOS A PETICI\u00d3N<\/h3>\n<ul>\n<li>Eje de salida reductor<\/li>\n<li>Codificador magn\u00e9tico<\/li>\n<li>Cableado personalizado<\/li>\n<\/ul>\n","protected":false},"excerpt":{"rendered":"<p>APLICACIONES Vending M\u00e1quinas alimentarias Mezcladoras M\u00e1quinas para la agricoltura M\u00e1quinas para la automatizaci\u00f3n CARACTER\u00cdSTICAS DE CONSTRUCCI\u00d3N Motor de imanes permanente, bidireccional, tensi\u00f3n de alimentaci\u00f3n 6\u00f724V La caja del reductor est\u00e1 fabricada presofusi\u00f3n de zamak La reducci\u00f3n mec\u00e1nica consiste en cascadas de engranajes El eje lento de salida se desliza sobre bujes autolubricados Para la fijaci\u00f3n [&hellip;]<\/p>\n","protected":false},"featured_media":549,"comment_status":"closed","ping_status":"closed","template":"","meta":{"_acf_changed":false,"_et_pb_use_builder":"","_et_pb_old_content":"","_et_gb_content_width":""},"product_brand":[],"product_cat":[43,56],"product_tag":[],"class_list":{"0":"post-838","1":"product","2":"type-product","3":"status-publish","4":"has-post-thumbnail","6":"product_cat-motorreductores","7":"product_cat-ejes-parallelos-624v-dc","9":"first","10":"instock","11":"shipping-taxable","12":"product-type-simple"},"acf":[],"_links":{"self":[{"href":"https:\/\/nuovakiwi.it\/es\/wp-json\/wp\/v2\/product\/838","targetHints":{"allow":["GET"]}}],"collection":[{"href":"https:\/\/nuovakiwi.it\/es\/wp-json\/wp\/v2\/product"}],"about":[{"href":"https:\/\/nuovakiwi.it\/es\/wp-json\/wp\/v2\/types\/product"}],"replies":[{"embeddable":true,"href":"https:\/\/nuovakiwi.it\/es\/wp-json\/wp\/v2\/comments?post=838"}],"wp:featuredmedia":[{"embeddable":true,"href":"https:\/\/nuovakiwi.it\/es\/wp-json\/wp\/v2\/media\/549"}],"wp:attachment":[{"href":"https:\/\/nuovakiwi.it\/es\/wp-json\/wp\/v2\/media?parent=838"}],"wp:term":[{"taxonomy":"product_brand","embeddable":true,"href":"https:\/\/nuovakiwi.it\/es\/wp-json\/wp\/v2\/product_brand?post=838"},{"taxonomy":"product_cat","embeddable":true,"href":"https:\/\/nuovakiwi.it\/es\/wp-json\/wp\/v2\/product_cat?post=838"},{"taxonomy":"product_tag","embeddable":true,"href":"https:\/\/nuovakiwi.it\/es\/wp-json\/wp\/v2\/product_tag?post=838"}],"curies":[{"name":"wp","href":"https:\/\/api.w.org\/{rel}","templated":true}]}}