{"id":831,"date":"2025-06-10T15:49:09","date_gmt":"2025-06-10T15:49:09","guid":{"rendered":"https:\/\/nuovakiwi.it\/prodotto\/serie-35-0420\/"},"modified":"2025-06-12T09:43:21","modified_gmt":"2025-06-12T09:43:21","slug":"serie-35-0420","status":"publish","type":"product","link":"https:\/\/nuovakiwi.it\/es\/producto\/serie-35-0420\/","title":{"rendered":"Serie 35.0420"},"content":{"rendered":"<h3>APLICACIONES<\/h3>\n<ul>\n<li>Vending<\/li>\n<li>M\u00e1quinas alimentarias<\/li>\n<li>M\u00e1quinas para la automatizaci\u00f3n<\/li>\n<\/ul>\n<h3>CARACTER\u00cdSTICAS DE CONSTRUCCI\u00d3N<\/h3>\n<ul>\n<li>Motor de imanes permanente, bidireccional, tensi\u00f3n de alimentaci\u00f3n 6\u00f724V<\/li>\n<li>La caja del reductor est\u00e1 fabricada en material termopl\u00e1stico<\/li>\n<li>La reducci\u00f3n mec\u00e1nica consiste en cascadas de engranajes<\/li>\n<li>El eje hueco de salida est\u00e1 equipado con una leva que acciona un micro-interruptor para el control de las rotaciones. Para el motorreductor con salida individual la fijaci\u00f3n puede ser fija o pendular, de acuerdo con el modelo escogido<\/li>\n<li>La serie 35.0420D se caracteriza por la salida doble, que permite la rotaci\u00f3n simult\u00e1nea deun par de discos<\/li>\n<li>Servicio intermitente<\/li>\n<\/ul>\n<h3>PERSONALIZACIONES Y ACCESORIOS A PETICI\u00d3N<\/h3>\n<ul>\n<li>Eje de salida reductor<\/li>\n<li>Lubricaci\u00f3n especial para permitir el uso del motorreductor en ambientes con temperaturas por debajo de 0\u00b0<\/li>\n<li>Cableado personalizado<\/li>\n<\/ul>\n","protected":false},"excerpt":{"rendered":"<p>APLICACIONES Vending M\u00e1quinas alimentarias M\u00e1quinas para la automatizaci\u00f3n CARACTER\u00cdSTICAS DE CONSTRUCCI\u00d3N Motor de imanes permanente, bidireccional, tensi\u00f3n de alimentaci\u00f3n 6\u00f724V La caja del reductor est\u00e1 fabricada en material termopl\u00e1stico La reducci\u00f3n mec\u00e1nica consiste en cascadas de engranajes El eje hueco de salida est\u00e1 equipado con una leva que acciona un micro-interruptor para el control de [&hellip;]<\/p>\n","protected":false},"featured_media":543,"comment_status":"closed","ping_status":"closed","template":"","meta":{"_acf_changed":false,"_et_pb_use_builder":"","_et_pb_old_content":"","_et_gb_content_width":""},"product_brand":[],"product_cat":[43,56],"product_tag":[],"class_list":{"0":"post-831","1":"product","2":"type-product","3":"status-publish","4":"has-post-thumbnail","6":"product_cat-motorreductores","7":"product_cat-ejes-parallelos-624v-dc","9":"first","10":"instock","11":"shipping-taxable","12":"product-type-simple"},"acf":[],"_links":{"self":[{"href":"https:\/\/nuovakiwi.it\/es\/wp-json\/wp\/v2\/product\/831","targetHints":{"allow":["GET"]}}],"collection":[{"href":"https:\/\/nuovakiwi.it\/es\/wp-json\/wp\/v2\/product"}],"about":[{"href":"https:\/\/nuovakiwi.it\/es\/wp-json\/wp\/v2\/types\/product"}],"replies":[{"embeddable":true,"href":"https:\/\/nuovakiwi.it\/es\/wp-json\/wp\/v2\/comments?post=831"}],"wp:featuredmedia":[{"embeddable":true,"href":"https:\/\/nuovakiwi.it\/es\/wp-json\/wp\/v2\/media\/543"}],"wp:attachment":[{"href":"https:\/\/nuovakiwi.it\/es\/wp-json\/wp\/v2\/media?parent=831"}],"wp:term":[{"taxonomy":"product_brand","embeddable":true,"href":"https:\/\/nuovakiwi.it\/es\/wp-json\/wp\/v2\/product_brand?post=831"},{"taxonomy":"product_cat","embeddable":true,"href":"https:\/\/nuovakiwi.it\/es\/wp-json\/wp\/v2\/product_cat?post=831"},{"taxonomy":"product_tag","embeddable":true,"href":"https:\/\/nuovakiwi.it\/es\/wp-json\/wp\/v2\/product_tag?post=831"}],"curies":[{"name":"wp","href":"https:\/\/api.w.org\/{rel}","templated":true}]}}