{"id":824,"date":"2025-06-10T15:47:48","date_gmt":"2025-06-10T15:47:48","guid":{"rendered":"https:\/\/nuovakiwi.it\/prodotto\/serie-40-2200\/"},"modified":"2025-06-12T09:36:20","modified_gmt":"2025-06-12T09:36:20","slug":"serie-40-2200","status":"publish","type":"product","link":"https:\/\/nuovakiwi.it\/es\/producto\/serie-40-2200\/","title":{"rendered":"Serie 40.2200"},"content":{"rendered":"<h3>APLICACIONES<\/h3>\n<ul>\n<li>M\u00e1quinas para la agricoltura<\/li>\n<li>Elettrovalvole<\/li>\n<li>M\u00e1quinas para la automatizaci\u00f3n<\/li>\n<\/ul>\n<h3>CARACTER\u00cdSTICAS DE CONSTRUCCI\u00d3N<\/h3>\n<ul>\n<li>Motor de imanes permanente, bidireccional, tensi\u00f3n de alimentaci\u00f3n 6\u00f724V DC<\/li>\n<li>La caja del reductor est\u00e1 fabricada en material termopl\u00e1stico<\/li>\n<li>La reducci\u00f3n mec\u00e1nica consiste en cascadas de engranajes<\/li>\n<li>El eje hueco de salida est\u00e1 equipado con una leva que acciona un micro-interruptor para el control de las rotaciones. Para el motorreductor con salida individual la fijaci\u00f3n puede ser fija o pendular , de acuerdo con el modelo escogido<\/li>\n<li>La serie 35.0420D se caracteriza por la salida doble, que permite la rotaci\u00f3n simult\u00e1nea deun par de discos<\/li>\n<li>Servicio intermitente<\/li>\n<\/ul>\n<h3>PERSONALIZACIONES Y ACCESORIOS A PETICI\u00d3N<\/h3>\n<ul>\n<li>Eje de salida reductor<\/li>\n<li>Cableado personalizado<\/li>\n<li>Cubierta de motor<\/li>\n<\/ul>\n","protected":false},"excerpt":{"rendered":"<p>APLICACIONES M\u00e1quinas para la agricoltura Elettrovalvole M\u00e1quinas para la automatizaci\u00f3n CARACTER\u00cdSTICAS DE CONSTRUCCI\u00d3N Motor de imanes permanente, bidireccional, tensi\u00f3n de alimentaci\u00f3n 6\u00f724V DC La caja del reductor est\u00e1 fabricada en material termopl\u00e1stico La reducci\u00f3n mec\u00e1nica consiste en cascadas de engranajes El eje hueco de salida est\u00e1 equipado con una leva que acciona un micro-interruptor para [&hellip;]<\/p>\n","protected":false},"featured_media":537,"comment_status":"closed","ping_status":"closed","template":"","meta":{"_acf_changed":false,"_et_pb_use_builder":"","_et_pb_old_content":"","_et_gb_content_width":""},"product_brand":[],"product_cat":[43,56],"product_tag":[],"class_list":{"0":"post-824","1":"product","2":"type-product","3":"status-publish","4":"has-post-thumbnail","6":"product_cat-motorreductores","7":"product_cat-ejes-parallelos-624v-dc","9":"first","10":"instock","11":"shipping-taxable","12":"product-type-simple"},"acf":[],"_links":{"self":[{"href":"https:\/\/nuovakiwi.it\/es\/wp-json\/wp\/v2\/product\/824","targetHints":{"allow":["GET"]}}],"collection":[{"href":"https:\/\/nuovakiwi.it\/es\/wp-json\/wp\/v2\/product"}],"about":[{"href":"https:\/\/nuovakiwi.it\/es\/wp-json\/wp\/v2\/types\/product"}],"replies":[{"embeddable":true,"href":"https:\/\/nuovakiwi.it\/es\/wp-json\/wp\/v2\/comments?post=824"}],"wp:featuredmedia":[{"embeddable":true,"href":"https:\/\/nuovakiwi.it\/es\/wp-json\/wp\/v2\/media\/537"}],"wp:attachment":[{"href":"https:\/\/nuovakiwi.it\/es\/wp-json\/wp\/v2\/media?parent=824"}],"wp:term":[{"taxonomy":"product_brand","embeddable":true,"href":"https:\/\/nuovakiwi.it\/es\/wp-json\/wp\/v2\/product_brand?post=824"},{"taxonomy":"product_cat","embeddable":true,"href":"https:\/\/nuovakiwi.it\/es\/wp-json\/wp\/v2\/product_cat?post=824"},{"taxonomy":"product_tag","embeddable":true,"href":"https:\/\/nuovakiwi.it\/es\/wp-json\/wp\/v2\/product_tag?post=824"}],"curies":[{"name":"wp","href":"https:\/\/api.w.org\/{rel}","templated":true}]}}