{"id":817,"date":"2025-06-10T15:45:16","date_gmt":"2025-06-10T15:45:16","guid":{"rendered":"https:\/\/nuovakiwi.it\/prodotto\/serie-45-m5\/"},"modified":"2025-06-12T09:28:35","modified_gmt":"2025-06-12T09:28:35","slug":"serie-45-m5","status":"publish","type":"product","link":"https:\/\/nuovakiwi.it\/es\/producto\/serie-45-m5\/","title":{"rendered":"Serie 45.M5"},"content":{"rendered":"<h3>APLICACIONES<\/h3>\n<ul>\n<li>Estufas y calderas de pellet<\/li>\n<li>Mezcladoras<\/li>\n<li>M\u00e1quinas alimentarias<\/li>\n<li>Vending<\/li>\n<li>M\u00e1quinas para la automatizaci\u00f3n<\/li>\n<\/ul>\n<h3>CARACTER\u00cdSTICAS DE CONSTRUCCI\u00d3N<\/h3>\n<ul>\n<li>Motor de imanes permanente, bidireccional, tensi\u00f3n de alimentaci\u00f3n 6\u00f730V<\/li>\n<li>La caja del reductor est\u00e1 fabricada presofusi\u00f3n de zamak<\/li>\n<li>La reducci\u00f3n mec\u00e1nica consiste en cascadas de engranajes<\/li>\n<li>El eje lento de salida se desliza sobre bujes autolubricados<\/li>\n<li>Para la fijaci\u00f3n dispone de 4 agujeros con rosca M4<\/li>\n<li>Servicio continuo o intermitente<\/li>\n<\/ul>\n<h3>PERSONALIZACIONES Y ACCESORIOS A PETICI\u00d3N<\/h3>\n<ul>\n<li>Eje de salida reductor<\/li>\n<li>Cableado personalizado<\/li>\n<li>Codificador magn\u00e9tico<\/li>\n<\/ul>\n","protected":false},"excerpt":{"rendered":"<p>APLICACIONES Estufas y calderas de pellet Mezcladoras M\u00e1quinas alimentarias Vending M\u00e1quinas para la automatizaci\u00f3n CARACTER\u00cdSTICAS DE CONSTRUCCI\u00d3N Motor de imanes permanente, bidireccional, tensi\u00f3n de alimentaci\u00f3n 6\u00f730V La caja del reductor est\u00e1 fabricada presofusi\u00f3n de zamak La reducci\u00f3n mec\u00e1nica consiste en cascadas de engranajes El eje lento de salida se desliza sobre bujes autolubricados Para la [&hellip;]<\/p>\n","protected":false},"featured_media":531,"comment_status":"closed","ping_status":"closed","template":"","meta":{"_acf_changed":false,"_et_pb_use_builder":"","_et_pb_old_content":"","_et_gb_content_width":""},"product_brand":[],"product_cat":[43,56],"product_tag":[],"class_list":{"0":"post-817","1":"product","2":"type-product","3":"status-publish","4":"has-post-thumbnail","6":"product_cat-motorreductores","7":"product_cat-ejes-parallelos-624v-dc","9":"first","10":"instock","11":"shipping-taxable","12":"product-type-simple"},"acf":[],"_links":{"self":[{"href":"https:\/\/nuovakiwi.it\/es\/wp-json\/wp\/v2\/product\/817","targetHints":{"allow":["GET"]}}],"collection":[{"href":"https:\/\/nuovakiwi.it\/es\/wp-json\/wp\/v2\/product"}],"about":[{"href":"https:\/\/nuovakiwi.it\/es\/wp-json\/wp\/v2\/types\/product"}],"replies":[{"embeddable":true,"href":"https:\/\/nuovakiwi.it\/es\/wp-json\/wp\/v2\/comments?post=817"}],"wp:featuredmedia":[{"embeddable":true,"href":"https:\/\/nuovakiwi.it\/es\/wp-json\/wp\/v2\/media\/531"}],"wp:attachment":[{"href":"https:\/\/nuovakiwi.it\/es\/wp-json\/wp\/v2\/media?parent=817"}],"wp:term":[{"taxonomy":"product_brand","embeddable":true,"href":"https:\/\/nuovakiwi.it\/es\/wp-json\/wp\/v2\/product_brand?post=817"},{"taxonomy":"product_cat","embeddable":true,"href":"https:\/\/nuovakiwi.it\/es\/wp-json\/wp\/v2\/product_cat?post=817"},{"taxonomy":"product_tag","embeddable":true,"href":"https:\/\/nuovakiwi.it\/es\/wp-json\/wp\/v2\/product_tag?post=817"}],"curies":[{"name":"wp","href":"https:\/\/api.w.org\/{rel}","templated":true}]}}