{"id":809,"date":"2025-06-10T15:41:58","date_gmt":"2025-06-10T15:41:58","guid":{"rendered":"https:\/\/nuovakiwi.it\/prodotto\/serie-55-n24\/"},"modified":"2025-06-12T09:17:59","modified_gmt":"2025-06-12T09:17:59","slug":"serie-55-n24","status":"publish","type":"product","link":"https:\/\/nuovakiwi.it\/es\/producto\/serie-55-n24\/","title":{"rendered":"Serie 55.N24"},"content":{"rendered":"<h3>APLICACIONES<\/h3>\n<ul>\n<li>M\u00e1quinas para la agricoltura<\/li>\n<li>M\u00e1quinas alimentarias<\/li>\n<li>M\u00e1quinas para la automatizaci\u00f3n<\/li>\n<li>Vending<\/li>\n<\/ul>\n<h3>CARACTER\u00cdSTICAS DE CONSTRUCCI\u00d3N<\/h3>\n<ul>\n<li>Motor de imanes permanente, bidireccional, tensi\u00f3n de alimentaci\u00f3n 6\u00f724V DC<\/li>\n<li>La caja del reductor est\u00e1 fabricada presofusi\u00f3n de zamak, los engranajes son en acero Mdp.<\/li>\n<li>Guscio in zama, ingranaggi in acciaio Mdp<\/li>\n<li>El eje lento de salida tiene un m\u00e1ximo \u00f810 mm<\/li>\n<li>Para la fijaci\u00f3n dispone de 6 agujeros con rosca M5<\/li>\n<\/ul>\n<h3>PERSONALIZACIONES Y ACCESORIOS A PETICI\u00d3N<\/h3>\n<ul>\n<li>Eje de salida reductor<\/li>\n<li>Variaciones de la velocidad de salida<\/li>\n<li>Codificador magn\u00e9tico<\/li>\n<\/ul>\n","protected":false},"excerpt":{"rendered":"<p>APLICACIONES M\u00e1quinas para la agricoltura M\u00e1quinas alimentarias M\u00e1quinas para la automatizaci\u00f3n Vending CARACTER\u00cdSTICAS DE CONSTRUCCI\u00d3N Motor de imanes permanente, bidireccional, tensi\u00f3n de alimentaci\u00f3n 6\u00f724V DC La caja del reductor est\u00e1 fabricada presofusi\u00f3n de zamak, los engranajes son en acero Mdp. Guscio in zama, ingranaggi in acciaio Mdp El eje lento de salida tiene un m\u00e1ximo [&hellip;]<\/p>\n","protected":false},"featured_media":525,"comment_status":"closed","ping_status":"closed","template":"","meta":{"_acf_changed":false,"_et_pb_use_builder":"","_et_pb_old_content":"","_et_gb_content_width":""},"product_brand":[],"product_cat":[43,56],"product_tag":[],"class_list":{"0":"post-809","1":"product","2":"type-product","3":"status-publish","4":"has-post-thumbnail","6":"product_cat-motorreductores","7":"product_cat-ejes-parallelos-624v-dc","9":"first","10":"instock","11":"shipping-taxable","12":"product-type-simple"},"acf":[],"_links":{"self":[{"href":"https:\/\/nuovakiwi.it\/es\/wp-json\/wp\/v2\/product\/809","targetHints":{"allow":["GET"]}}],"collection":[{"href":"https:\/\/nuovakiwi.it\/es\/wp-json\/wp\/v2\/product"}],"about":[{"href":"https:\/\/nuovakiwi.it\/es\/wp-json\/wp\/v2\/types\/product"}],"replies":[{"embeddable":true,"href":"https:\/\/nuovakiwi.it\/es\/wp-json\/wp\/v2\/comments?post=809"}],"wp:featuredmedia":[{"embeddable":true,"href":"https:\/\/nuovakiwi.it\/es\/wp-json\/wp\/v2\/media\/525"}],"wp:attachment":[{"href":"https:\/\/nuovakiwi.it\/es\/wp-json\/wp\/v2\/media?parent=809"}],"wp:term":[{"taxonomy":"product_brand","embeddable":true,"href":"https:\/\/nuovakiwi.it\/es\/wp-json\/wp\/v2\/product_brand?post=809"},{"taxonomy":"product_cat","embeddable":true,"href":"https:\/\/nuovakiwi.it\/es\/wp-json\/wp\/v2\/product_cat?post=809"},{"taxonomy":"product_tag","embeddable":true,"href":"https:\/\/nuovakiwi.it\/es\/wp-json\/wp\/v2\/product_tag?post=809"}],"curies":[{"name":"wp","href":"https:\/\/api.w.org\/{rel}","templated":true}]}}