{"id":802,"date":"2025-06-10T14:45:59","date_gmt":"2025-06-10T14:45:59","guid":{"rendered":"https:\/\/nuovakiwi.it\/prodotto\/serie-80-020\/"},"modified":"2025-06-12T09:08:00","modified_gmt":"2025-06-12T09:08:00","slug":"serie-80-020","status":"publish","type":"product","link":"https:\/\/nuovakiwi.it\/es\/producto\/serie-80-020\/","title":{"rendered":"Serie 80.020"},"content":{"rendered":"<h3>APLICACIONES<\/h3>\n<ul>\n<li>Cintas trasportadoras<\/li>\n<li>M\u00e1quinas para remodar pequenos vehiculos<\/li>\n<li>Barredoras<\/li>\n<\/ul>\n<h3>CARACTER\u00cdSTICAS DE CONSTRUCCI\u00d3N<\/h3>\n<ul>\n<li>Motor de imanes permanente, bidireccional, tensi\u00f3n de alimentaci\u00f3n 6\u00f724V<\/li>\n<li>La caja del reductor est\u00e1 fabricada en presofusi\u00f3n de aluminio<\/li>\n<li>La reducci\u00f3n mec\u00e1nica consiste en cascadas de engranajes<\/li>\n<li>El eje de salida es de acero con medida \u00d8 10 y se desliza sobre rodamientos<\/li>\n<li>Para la fijaci\u00f3n dispone de 4 tornillos M6<\/li>\n<li>Servicio continuo o intermitente<\/li>\n<\/ul>\n<h3>PERSONALIZACIONES Y ACCESORIOS A PETICI\u00d3N<\/h3>\n<ul>\n<li>Cableado personalizado<\/li>\n<\/ul>\n","protected":false},"excerpt":{"rendered":"<p>APLICACIONES Cintas trasportadoras M\u00e1quinas para remodar pequenos vehiculos Barredoras CARACTER\u00cdSTICAS DE CONSTRUCCI\u00d3N Motor de imanes permanente, bidireccional, tensi\u00f3n de alimentaci\u00f3n 6\u00f724V La caja del reductor est\u00e1 fabricada en presofusi\u00f3n de aluminio La reducci\u00f3n mec\u00e1nica consiste en cascadas de engranajes El eje de salida es de acero con medida \u00d8 10 y se desliza sobre rodamientos [&hellip;]<\/p>\n","protected":false},"featured_media":513,"comment_status":"closed","ping_status":"closed","template":"","meta":{"_acf_changed":false,"_et_pb_use_builder":"","_et_pb_old_content":"","_et_gb_content_width":""},"product_brand":[],"product_cat":[43,56],"product_tag":[],"class_list":{"0":"post-802","1":"product","2":"type-product","3":"status-publish","4":"has-post-thumbnail","6":"product_cat-motorreductores","7":"product_cat-ejes-parallelos-624v-dc","9":"first","10":"instock","11":"shipping-taxable","12":"product-type-simple"},"acf":[],"_links":{"self":[{"href":"https:\/\/nuovakiwi.it\/es\/wp-json\/wp\/v2\/product\/802","targetHints":{"allow":["GET"]}}],"collection":[{"href":"https:\/\/nuovakiwi.it\/es\/wp-json\/wp\/v2\/product"}],"about":[{"href":"https:\/\/nuovakiwi.it\/es\/wp-json\/wp\/v2\/types\/product"}],"replies":[{"embeddable":true,"href":"https:\/\/nuovakiwi.it\/es\/wp-json\/wp\/v2\/comments?post=802"}],"wp:featuredmedia":[{"embeddable":true,"href":"https:\/\/nuovakiwi.it\/es\/wp-json\/wp\/v2\/media\/513"}],"wp:attachment":[{"href":"https:\/\/nuovakiwi.it\/es\/wp-json\/wp\/v2\/media?parent=802"}],"wp:term":[{"taxonomy":"product_brand","embeddable":true,"href":"https:\/\/nuovakiwi.it\/es\/wp-json\/wp\/v2\/product_brand?post=802"},{"taxonomy":"product_cat","embeddable":true,"href":"https:\/\/nuovakiwi.it\/es\/wp-json\/wp\/v2\/product_cat?post=802"},{"taxonomy":"product_tag","embeddable":true,"href":"https:\/\/nuovakiwi.it\/es\/wp-json\/wp\/v2\/product_tag?post=802"}],"curies":[{"name":"wp","href":"https:\/\/api.w.org\/{rel}","templated":true}]}}