{"id":745,"date":"2025-06-10T15:29:12","date_gmt":"2025-06-10T15:29:12","guid":{"rendered":"https:\/\/nuovakiwi.it\/cookie-policy\/"},"modified":"2025-06-12T07:52:46","modified_gmt":"2025-06-12T07:52:46","slug":"politica-de-cookies","status":"publish","type":"page","link":"https:\/\/nuovakiwi.it\/es\/politica-de-cookies\/","title":{"rendered":"Politica de cookies"},"content":{"rendered":"<p>[et_pb_section fb_built=\u00bb1&#8243; _builder_version=\u00bb4.27.4&#8243; _module_preset=\u00bbdefault\u00bb custom_padding=\u00bb1%||1%||true|false\u00bb global_colors_info=\u00bb{}\u00bb][et_pb_row _builder_version=\u00bb4.27.4&#8243; _module_preset=\u00bbdefault\u00bb global_colors_info=\u00bb{}\u00bb][et_pb_column type=\u00bb4_4&#8243; _builder_version=\u00bb4.27.4&#8243; _module_preset=\u00bbdefault\u00bb global_colors_info=\u00bb{}\u00bb][et_pb_text _builder_version=\u00bb4.27.4&#8243; _module_preset=\u00bbdefault\u00bb header_font_size=\u00bb25px\u00bb global_colors_info=\u00bb{}\u00bb]<\/p>\n<p><span><b>Pol\u00edtica de Cookies de nuovakiwi.it<\/b><\/span><\/p>\n<p><span>Las Cookies son porciones de c\u00f3digo instaladas en el navegador que ayudan al Titular a prestar el Servicio de acuerdo con los fines descritos. Algunos de los fines para los que se instalan las Cookies pueden requerir tambi\u00e9n el consentimiento del Usuario.\u00a0<\/span><span>Cuando la instalaci\u00f3n de Cookies est\u00e9 basada en el consentimiento, dicho consentimiento podr\u00e1 ser revocado en cualquier momento, siguiendo las instrucciones previstas en el presente documento.<\/span><\/p>\n<p><span><b>Cookies t\u00e9cnicas y Cookies para objetivos estad\u00edsticos agregados<\/b><\/span><\/p>\n<p><b>Actividad estrictamente necesaria para el funcionamiento del Servicio<\/b><\/p>\n<p><span>Esta Aplicaci\u00f3n utiliza Cookies para almacenar los datos de sesi\u00f3n del Usuario y para realizar otras actividades que son estrictamente necesarias para el funcionamiento de esta Aplicaci\u00f3n, como, por ejemplo, las relacionadas con la distribuci\u00f3n de tr\u00e1fico.<\/span><\/p>\n<p><b>Actividad relacionada con el almacenamiento de preferencias, optimizaci\u00f3n y estad\u00edsticas<\/b><\/p>\n<p><span>Esta Aplicaci\u00f3n utiliza Cookies para almacenar las preferencias de navegaci\u00f3n y para optimizar la experiencia de navegaci\u00f3n del Usuario. Entre estas Cookies est\u00e1n, por ejemplo, las usadas para establecer las preferencias de idioma y moneda o para la gesti\u00f3n de las estad\u00edsticas de origen utilizadas directamente por el Titular del sitio.<\/span><\/p>\n<p><span><b>Otros tipos de Cookies y terceros que instalan Cookies<\/b><\/span><\/p>\n<p><span>Algunos de los servicios que se indican a continuaci\u00f3n recopilan estad\u00edsticas de forma an\u00f3nima y agregada y pueden no requerir el consentimiento del Usuario o pueden ser gestionadas directamente por el Titular, dependiendo de c\u00f3mo se describan, sin la ayuda de terceros.\u00a0<\/span><span>Si cualquier servicio operado por terceros aparece en el listado de herramientas que se muestra a continuaci\u00f3n, \u00e9stas podr\u00e1n ser usadas para hacer un seguimiento de los h\u00e1bitos de navegaci\u00f3n del Usuario, adem\u00e1s de la informaci\u00f3n indicada aqu\u00ed y sin el conocimiento del Propietario. Puede consultar la pol\u00edtica de privacidad de los servicios indicados para obtener una informaci\u00f3n m\u00e1s detallada.<\/span><\/p>\n<p><b>Estad\u00edsticas<\/b><\/p>\n<p><span>Los servicios contenidos en esta secci\u00f3n permiten al Titular monitorizar y analizar el tr\u00e1fico web y pueden ser utilizados para rastrear el comportamiento del Usuario.<\/span><span><br \/><\/span><\/p>\n<p><b>Google Analytics (Google LLC)<\/b><\/p>\n<p><span>Google Analytics es un servicio de an\u00e1lisis web prestado por Google LLC (\u201cGoogle\u201d). Google utiliza los Datos recogidos para rastrear y examinar el uso de esta Aplicaci\u00f3n, para preparar informes de sus actividades y compartirlos con otros servicios de Google. Google puede utilizar los Datos recogidos para contextualizar y personalizar los anuncios de su propia red de publicidad.<\/span><span><br \/><\/span><span>Datos Personales recogidos: Cookies y Datos de uso.<\/span><span><br \/><\/span><span>Lugar de tratamiento: EE.UU. \u2013\u00a0<\/span><a href=\"https:\/\/policies.google.com\/privacy\"><span>Pol\u00edtica de privacidad<\/span><\/a><span>\u00a0\u2013\u00a0<\/span><a href=\"https:\/\/tools.google.com\/dlpage\/gaoptout?hl=es\"><span>Opt Out<\/span><\/a><span>. Integrante del acuerdo \u201ePrivacy Shield\u201d.<\/span><span><br \/><\/span><\/p>\n<p><b>Seguimiento de conversiones de Google Ads (Google LLC)<\/b><b><br \/><\/b><span>El Seguimiento de conversiones de Google Ads es un servicio de estad\u00edsticas prestado por Google LLC que conecta los datos de la red de publicidad de Google Ads con las acciones realizadas en esta Aplicaci\u00f3n.<\/span><span><br \/><\/span><span>Datos Personales recogidos: Cookies y Datos de uso.<\/span><span><br \/><\/span><span>Lugar de tratamiento: EE.UU. \u2013\u00a0<\/span><a href=\"https:\/\/policies.google.com\/privacy\"><span>Pol\u00edtica de privacidad<\/span><\/a><span>. Integrante del acuerdo \u201ePrivacy Shield\u201d.<\/span><span><br \/><\/span><\/p>\n<p><b>Gesti\u00f3n de Etiquetas<\/b><b><br \/><\/b><span>Este tipo de servicio ayuda al Titular a gestionar las etiquetas o scripts que se necesitan en esta Aplicaci\u00f3n de forma centralizada.<\/span><span><br \/><\/span><span>Esto supone que los Datos de los Usuarios pasan a trav\u00e9s de estos servicios, lo que puede derivar en la retenci\u00f3n de dichos Datos.<\/span><span><br \/><\/span><\/p>\n<p><b>Google Tag Manager (Google LLC)<\/b><b><br \/><\/b><span>Google Tag Manager es un servicio de gesti\u00f3n de etiquetas prestado por Google LLC.<\/span><span><br \/><\/span><span>Datos Personales recogidos: Cookies y Datos de uso.<\/span><span><br \/><\/span><span>Lugar de tratamiento: EE.UU. \u2013\u00a0<\/span><a href=\"https:\/\/policies.google.com\/privacy\"><span>Pol\u00edtica de privacidad<\/span><\/a><span>. Integrante del acuerdo \u201ePrivacy Shield\u201d.<\/span><span><br \/><\/span><\/p>\n<p><b>Remarketing y behavioral targeting<\/b><b><br \/><\/b><span>Este tipo de servicios permiten a esta Aplicaci\u00f3n y a sus partners distribuir, optimizar y mostrar anuncios publicitarios basados en el historial de uso de esta Aplicaci\u00f3n por el Usuario. Esta actividad se realiza rastreando los Datos de Uso y utilizando Cookies, informaci\u00f3n que es transferida a los partners que gestionan el remarketing y la actividad de behavioral targeting. Algunos servicios ofrecen una opci\u00f3n de remarketing basada en listas de direcciones de correo electr\u00f3nico. Adem\u00e1s de cualquier opci\u00f3n de \u201copt out\u201d ofrecida por cualquiera de los servicios que se indican a continuaci\u00f3n, el Usuario tambi\u00e9n puede optar por la exclusi\u00f3n del uso de cookies por servicios de terceros accediendo a la\u00a0<\/span><a href=\"http:\/\/optout.networkadvertising.org\/\"><span>p\u00e1gina de exclusi\u00f3n de Network Advertising Initiative<\/span><\/a><span>.<\/span><span><br \/><\/span><\/p>\n<p><b>Google Ads Remarketing (Google LLC)<\/b><b><br \/><\/b><span>Google Ads Remarketing es un servicio de remarketing y behavioral targeting prestado por Google LLC que conecta la actividad de esta Aplicaci\u00f3n con la red de publicidad de Google Ads y la Cookie DoubleClick.\u00a0<\/span><span>Datos Personales recogidos: Cookies y Datos de uso.\u00a0<\/span><span>Lugar de tratamiento: EE.UU. \u2013\u00a0<\/span><a href=\"https:\/\/policies.google.com\/privacy\"><span>Pol\u00edtica de privacidad<\/span><\/a><span>\u00a0\u2013\u00a0<\/span><a href=\"https:\/\/www.google.com\/settings\/ads\/onweb\/optout\"><span>Opt Out<\/span><\/a><span>. Integrante del acuerdo \u201ePrivacy Shield\u201d.<\/span><\/p>\n<p><b>Visualizar contenidos de plataformas externas<\/b><b><br \/><\/b><span>Este tipo de servicios permiten visualizar contenidos alojados en plataformas externas directamente desde las p\u00e1ginas de esta Aplicaci\u00f3n e interactuar con estos. En caso de que se instale uno de estos servicios, es posible que aunque los Usuarios no utilicen el servicio, \u00e9ste recoja datos de tr\u00e1fico web relativos a las p\u00e1ginas en las que est\u00e9n instalados.<\/span><span><br \/><\/span><\/p>\n<p><b>Widget Google Maps (Google LLC)<\/b><b><br \/><\/b><span>Google Maps es un servicio de visualizaci\u00f3n de mapas prestado por Google LLC que permite a esta Aplicaci\u00f3n incorporar tales contenidos en las propias p\u00e1ginas.<\/span><span><br \/><\/span><span>Datos Personales recogidos: Cookies y Datos de uso.<\/span><span><br \/><\/span><span>Lugar de tratamiento: EE.UU. \u2013\u00a0<\/span><a href=\"https:\/\/policies.google.com\/privacy\"><span>Pol\u00edtica de privacidad<\/span><\/a><span>. Integrante del acuerdo \u201ePrivacy Shield\u201d.<\/span><\/p>\n<p><b>Publicidad<\/b><\/p>\n<p><span>Este tipo de servicios permiten utilizar los Datos del Usuario para comunicaciones comerciales bajo diversas formas publicitarias, tales como banners, si bien siempre en relaci\u00f3n con los intereses del Usuario.\u00a0<\/span><span>Esto no significa que todos los Datos Personales sean utilizados para esta finalidad. La informaci\u00f3n y condiciones de uso se detallan m\u00e1s adelante.\u00a0<\/span><span>Algunos de los servicios indicados m\u00e1s abajo pueden emplear Cookies para identificar a los Usuarios o pueden utilizar la t\u00e9cnica del behavioral retargeting, es decir mostrar anuncios publicitarios personalizados en base a los intereses y al comportamiento del Usuario, inclusive aquellos que hayan sido obtenidos fuera de esta Aplicaci\u00f3n. Para obtener m\u00e1s informaci\u00f3n, por favor verifique las pol\u00edticas de privacidad de los servicios correspondientes.\u00a0<\/span><span>Adem\u00e1s de cualquier opci\u00f3n de \u201copt out\u201d ofrecida por cualquiera de los servicios que se indican a continuaci\u00f3n, el Usuario tambi\u00e9n puede optar por la exclusi\u00f3n del uso de cookies por servicios de terceros accediendo a la\u00a0<\/span><a href=\"http:\/\/optout.networkadvertising.org\/\"><span>p\u00e1gina de exclusi\u00f3n de Network Advertising Initiative<\/span><\/a><span>.<\/span><\/p>\n<p><b>Google Ad Manager (Google LLC)<\/b><\/p>\n<p><span>Google Ad Manager es un servicio de publicidad ofrecido por Google LLC que permite al Titular realizar campa\u00f1as publicitarias junto con redes de publicidad externas con las que el Titular, a menos que se indique lo contrario en este documento, no tiene ninguna relaci\u00f3n.\u00a0<\/span><span>Para evitar el seguimiento por parte de diferentes redes publicitarias, el Usuario puede hacer uso de\u00a0<\/span><a href=\"http:\/\/www.youronlinechoices.com\/\"><span>Youronlinechoices<\/span><\/a><span>. Para entender el uso de los datos por parte de Google, consulte la\u00a0<\/span><a href=\"https:\/\/www.google.com\/intl\/es\/policies\/privacy\/partners\/\"><span>pol\u00edtica los socios de Google<\/span><\/a><span>.\u00a0<\/span><span>Este servicio utiliza la Cookie\u201cDoubleClick\u201d, que rastrea el uso de esta Aplicaci\u00f3n y el comportamiento del Usuario en relaci\u00f3n con los anuncios publicitarios, productos y servicios ofertados.\u00a0<\/span><span>Los Usuarios podr\u00e1n decidir en cualquier momento desactivar todas las Cookies DoubleClick clicando en:<\/span><a href=\"https:\/\/www.google.com\/settings\/ads\/onweb\/optout?hl=es\"><span>www.google.com\/settings\/ads\/onweb\/optout?hl=es<\/span><\/a><span>.\u00a0<\/span><span>Datos Personales recogidos: Cookies y Datos de uso.\u00a0<\/span><span>Lugar de tratamiento: EE.UU. \u2013\u00a0<\/span><a href=\"https:\/\/policies.google.com\/privacy\"><span>Pol\u00edtica de privacidad<\/span><\/a><span>. Integrante del acuerdo \u201ePrivacy Shield\u201d.<\/span><\/p>\n<p><span><b>C\u00f3mo otorgar o revocar el consentimiento a la instalaci\u00f3n de Cookies<\/b><\/span><\/p>\n<p><span>Adem\u00e1s de lo especificado en el presente documento, el Usuario puede gestionar las preferencias de las Cookies directamente en su propio navegador y evitar, por ejemplo, la instalaci\u00f3n de Cookies por parte de terceros. A trav\u00e9s de las preferencias del navegador, tambi\u00e9n es posible borrar las Cookies instaladas anteriormente, incluyendo las Cookies que hayan podido almacenar el consentimiento inicial para la instalaci\u00f3n de Cookies por parte de este sitio web. Los Usuarios pueden, por ejemplo, encontrar m\u00e1s informaci\u00f3n sobre la gesti\u00f3n de Cookies en los navegadores de uso m\u00e1s frecuente en la siguiente direcci\u00f3n:<\/span><a href=\"https:\/\/support.google.com\/chrome\/answer\/95647?hl=es&amp;p=cpn_cookies\"><span>\u00a0<\/span><span>Google Chrome<\/span><\/a><span>,<\/span><a href=\"https:\/\/support.mozilla.org\/es\/kb\/habilitar-y-deshabilitar-cookies-que-los-sitios-we\"><span>\u00a0<\/span><span>Mozilla Firefox<\/span><\/a><span>,<\/span><a href=\"https:\/\/support.apple.com\/kb\/PH21411\"><span>\u00a0<\/span><span>Apple Safari<\/span><\/a><span>\u00a0y<\/span><a href=\"http:\/\/windows.microsoft.com\/es-es\/windows-vista\/block-or-allow-cookies\"><span>\u00a0<\/span><span>Microsoft Internet Explorer<\/span><\/a><span>.\u00a0<\/span><span>En cuanto a las Cookies instaladas por terceros, los Usuarios pueden gestionar sus preferencias y revocar su consentimiento clicando sobre el enlace para optar por no participar, si es que existe, utilizando los medios previstos en la pol\u00edtica de privacidad del tercero, o poni\u00e9ndose en contacto con el tercero.<\/span><span>\u00a0<\/span><span>No obstante, el Titular se\u00f1ala que los Usuarios pueden seguir las instrucciones previstas en las iniciativas de las que se facilitan los enlaces a continuaci\u00f3n: la<\/span><a href=\"http:\/\/www.youronlinechoices.eu\/\"><span>\u00a0<\/span><span>EDAA<\/span><\/a><span>\u00a0(UE), la<\/span><a href=\"https:\/\/www.networkadvertising.org\/understanding-digital-advertising\"><span>\u00a0<\/span><span>Network Advertising Initiative<\/span><\/a><span>\u00a0(EE.UU.) y la<\/span><a href=\"https:\/\/www.aboutads.info\/consumers\/\"><span>\u00a0<\/span><span>Digital Advertising Alliance<\/span><\/a><span>\u00a0(EE.UU.),<\/span><a href=\"https:\/\/youradchoices.ca\/understanding-online-advertising\/\"><span>\u00a0<\/span><span>DAAC<\/span><\/a><span>\u00a0(Canad\u00e1),<\/span><a href=\"http:\/\/www.ddai.info\/optout\"><span>\u00a0<\/span><span>DDAI<\/span><\/a><span>\u00a0(Jap\u00f3n) y otros servicios similares. Tales iniciativas permiten a los Usuarios seleccionar sus preferencias de seguimiento para la mayor\u00eda de las herramientas de publicidad. El Titular, por tanto, recomienda que el Usuario utilice estos recursos adem\u00e1s de la informaci\u00f3n proporcionada en el presente documento.<\/span><\/p>\n<p><span><b>Titular y Responsable del tratamiento de los Datos<\/b><\/span><\/p>\n<p><span>Nuova Kiwi Srl \u2013\u00a0<\/span><span>Via del Progresso 14 \u2013 36060 Molvena (VI)<\/span><\/p>\n<p>Correo electr\u00f3nico de contacto del Titular:<span>\u00a0info@nuovakiwi.it<\/span><\/p>\n<p><span>Dado que la instalaci\u00f3n de Cookies de terceros y de otros sistemas de rastreo a trav\u00e9s de los servicios usados dentro de esta Aplicaci\u00f3n no puede ser t\u00e9cnicamente controlada por el Titular, cualquier referencia espec\u00edfica a Cookies y a sistemas de rastreo instalados por terceros ha de considerarse indicativa. A fin de obtener una informaci\u00f3n completa, se ruega a los Usuarios que consulten la pol\u00edtica de privacidad para el correspondiente servicio prestado por terceros, de los que figuran en el presente documento.\u00a0<\/span><span>Dada la complejidad objetiva en torno a la identificaci\u00f3n de tecnolog\u00edas basadas en Cookies, se anima a los Usuarios a ponerse en contacto con el Titular en caso de que quieran recibir m\u00e1s informaci\u00f3n sobre el uso de Cookies por esta Aplicaci\u00f3n.<\/span><\/p>\n<p><span><b>Definiciones y referencias legales<\/b><\/span><\/p>\n<p><b>Datos Personales (o Datos)<\/b><\/p>\n<p><span>Constituye un dato personal cualquier informaci\u00f3n que, directa, indirectamente o en relaci\u00f3n con otra informaci\u00f3n \u2013 incluyendo un n\u00famero de identificaci\u00f3n personal \u2013 permita identificar una persona f\u00edsica.<\/span><\/p>\n<p><b>Datos de Uso<\/b><\/p>\n<p><span>Las informaciones recogidas de forma autom\u00e1tica por esta Aplicaci\u00f3n (o por servicios de terceros utilizados por esta Aplicaci\u00f3n), podr\u00e1n incluir: las direcciones IP o nombres de dominio de los ordenadores utilizados por el Usuario que se conecte a esta Aplicaci\u00f3n, las direcciones URI (Uniform Resource Identifier), la hora de la solicitud, el m\u00e9todo utilizado para realizar la solicitud al servidor, las dimensiones del archivo obtenido en respuesta, el c\u00f3digo num\u00e9rico indicando el estado de la respuesta del servidor (resultado satisfactorio, error, etc.), el pa\u00eds de origen, las caracter\u00edsticas del navegador y del sistema operativo utilizados por el visitante, las diversas coordenadas temporales de la visita (por ejemplo, el tiempo de permanencia en cada una de las p\u00e1ginas) y los detalles relativos al itinerario seguido dentro de la Aplicaci\u00f3n, con especial referencia a la secuencia de p\u00e1ginas consultadas, a los par\u00e1metros relativos al sistema operativo y al entorno inform\u00e1tico del Usuario.<\/span><\/p>\n<p><b>Usuario<\/b><\/p>\n<p><span>El individuo que utilice esta Aplicaci\u00f3n, quien, a menos que se indique lo contrario deber\u00e1 coincidir con el Titular de los Datos.<\/span><\/p>\n<p><b>Titular de los Datos<\/b><\/p>\n<p><span>La persona f\u00edsica a la que se refieren los Datos Personales.<\/span><\/p>\n<p><b>Encargado del Tratamiento (o Supervisor de Datos)<\/b><\/p>\n<p><span>La persona f\u00edsica o jur\u00eddica, administraci\u00f3n p\u00fablica, agencia o cualquier otra instituci\u00f3n, que procese los Datos Personales en nombre del Responsable del Tratamiento, descrita en la presente pol\u00edtica de privacidad.<\/span><\/p>\n<p><b>Responsable del Tratamiento (o Titular)<\/b><\/p>\n<p><span>La persona f\u00edsica o jur\u00eddica, administraci\u00f3n p\u00fablica, agencia o cualquier otra instituci\u00f3n, que actuando en solitario o conjuntamente con otras, determine las finalidades y las medidas del tratamiento de los Datos Personales, incluyendo las medidas de seguridad relativas al funcionamiento y al uso de esta Aplicaci\u00f3n. A menos que se especifique lo contrario, el Responsable del Tratamiento es el Titular de esta Aplicaci\u00f3n.<\/span><\/p>\n<p><b>Esta Aplicaci\u00f3n<\/b><\/p>\n<p><span>El medio a trav\u00e9s del cual se han recogido y tratado los Datos Personales del Usuario.<\/span><\/p>\n<p><b>Servicio<\/b><\/p>\n<p><span>El servicio proporcionado por esta Aplicaci\u00f3n, tal y como se describe en las definiciones y referencias legales (en caso de estar disponibles) y en esta p\u00e1gina o aplicaci\u00f3n.<\/span><\/p>\n<p><b>Uni\u00f3n Europea (o UE)<\/b><\/p>\n<p><span>A menos que se indique lo contrario, todas las referencias hechas a la Uni\u00f3n Europea en el presente documento incluyen todos los actuales Estados miembros de la Uni\u00f3n Europea y del Espacio Econ\u00f3mico Europeo.<\/span><\/p>\n<p><b>Cookies<\/b><\/p>\n<p><span>Peque\u00f1as unidades de datos almacenados en el dispositivo del Usuario.<\/span><\/p>\n<p><b>Informaci\u00f3n legal<\/b><b><br \/><\/b><span>Esta pol\u00edtica de privacidad se ha redactado en base a las provisiones de m\u00faltiples legislaciones, incluyendo los Arts. 13 y 14 del Reglamento (UE) 2016\/679 (Reglamento general de protecci\u00f3n de datos).<\/span><span><br \/><\/span><span>Esta pol\u00edtica de privacidad se refiere s\u00f3lo a esta Aplicaci\u00f3n, a menos que se indique lo contrario en el presente documento.<\/span><\/p>\n<p>[\/et_pb_text][\/et_pb_column][\/et_pb_row][\/et_pb_section]<\/p>\n","protected":false},"excerpt":{"rendered":"<p>Pol\u00edtica de Cookies de nuovakiwi.it Las Cookies son porciones de c\u00f3digo instaladas en el navegador que ayudan al Titular a prestar el Servicio de acuerdo con los fines descritos. Algunos de los fines para los que se instalan las Cookies pueden requerir tambi\u00e9n el consentimiento del Usuario.\u00a0Cuando la instalaci\u00f3n de Cookies est\u00e9 basada en el [&hellip;]<\/p>\n","protected":false},"author":1,"featured_media":0,"parent":0,"menu_order":0,"comment_status":"closed","ping_status":"closed","template":"","meta":{"_acf_changed":false,"_et_pb_use_builder":"on","_et_pb_old_content":"","_et_gb_content_width":"","footnotes":""},"class_list":["post-745","page","type-page","status-publish","hentry"],"acf":[],"_links":{"self":[{"href":"https:\/\/nuovakiwi.it\/es\/wp-json\/wp\/v2\/pages\/745","targetHints":{"allow":["GET"]}}],"collection":[{"href":"https:\/\/nuovakiwi.it\/es\/wp-json\/wp\/v2\/pages"}],"about":[{"href":"https:\/\/nuovakiwi.it\/es\/wp-json\/wp\/v2\/types\/page"}],"author":[{"embeddable":true,"href":"https:\/\/nuovakiwi.it\/es\/wp-json\/wp\/v2\/users\/1"}],"replies":[{"embeddable":true,"href":"https:\/\/nuovakiwi.it\/es\/wp-json\/wp\/v2\/comments?post=745"}],"version-history":[{"count":4,"href":"https:\/\/nuovakiwi.it\/es\/wp-json\/wp\/v2\/pages\/745\/revisions"}],"predecessor-version":[{"id":758,"href":"https:\/\/nuovakiwi.it\/es\/wp-json\/wp\/v2\/pages\/745\/revisions\/758"}],"wp:attachment":[{"href":"https:\/\/nuovakiwi.it\/es\/wp-json\/wp\/v2\/media?parent=745"}],"curies":[{"name":"wp","href":"https:\/\/api.w.org\/{rel}","templated":true}]}}