{"id":964,"date":"2025-06-11T09:04:53","date_gmt":"2025-06-11T09:04:53","guid":{"rendered":"https:\/\/nuovakiwi.it\/prodotto\/scheda-v2\/"},"modified":"2025-06-12T13:08:24","modified_gmt":"2025-06-12T13:08:24","slug":"elektronische-platte_v2","status":"publish","type":"product","link":"https:\/\/nuovakiwi.it\/de\/produkt\/elektronische-platte_v2\/","title":{"rendered":"ELEKTRONISCHE PLATTE_V2"},"content":{"rendered":"<h3>BAUEIGENSCHAFTEN<\/h3>\n<ul>\n<li>Versorgungsspannung der Steuerplatine: 24V DC \u00b115%<\/li>\n<li>Maximaler Ausgangsstrom: 6A DC (10A mit K\u00fchlk\u00f6rper)<\/li>\n<li>Motorsteuerung Start\/Stopp<\/li>\n<li>Drehrichtungssteuerung CW\/CCW<\/li>\n<li>Anfahrrampensteuerung<\/li>\n<li>Bremsrampensteuerung<\/li>\n<li>Geschwindigkeitsr\u00fcckmeldung \u00fcber Encoder<\/li>\n<li>Geschwindigkeitsregelung \u00fcber Potentiometer oder externes Signal 0\u20135V \/ 0\u201310V \/ 4\u201320mA<\/li>\n<li>Encoder-Ausgang \u00fcber gepuffertes Signal<\/li>\n<li>Encoder-Versorgung: +5V \/ +24V<\/li>\n<li>Strombegrenzungsfunktion zum Schutz des Getriebemotors<\/li>\n<li>\u00dcberstromschutz mit automatischem oder manuellem Reset<\/li>\n<li>Zus\u00e4tzliche Anzeige f\u00fcr elektronische Endlageneinstellung (min\/max)<\/li>\n<li>On-Board-Speicherung der Parameter<\/li>\n<li>Kurzschlussschutz \u00fcber Sicherung<\/li>\n<li>Verpolungsschutz \u00fcber Sicherung<\/li>\n<li>Automatischer \u00dcbertemperaturschutz<\/li>\n<li>GLEICHRICHTERPLATINE VERF\u00dcGBAR \u2192 24V AC \u2192 24V DC<\/li>\n<\/ul>\n","protected":false},"excerpt":{"rendered":"<p>BAUEIGENSCHAFTEN Versorgungsspannung der Steuerplatine: 24V DC \u00b115% Maximaler Ausgangsstrom: 6A DC (10A mit K\u00fchlk\u00f6rper) Motorsteuerung Start\/Stopp Drehrichtungssteuerung CW\/CCW Anfahrrampensteuerung Bremsrampensteuerung Geschwindigkeitsr\u00fcckmeldung \u00fcber Encoder Geschwindigkeitsregelung \u00fcber Potentiometer oder externes Signal 0\u20135V \/ 0\u201310V \/ 4\u201320mA Encoder-Ausgang \u00fcber gepuffertes Signal Encoder-Versorgung: +5V \/ +24V Strombegrenzungsfunktion zum Schutz des Getriebemotors \u00dcberstromschutz mit automatischem oder manuellem Reset Zus\u00e4tzliche Anzeige [&hellip;]<\/p>\n","protected":false},"featured_media":674,"comment_status":"closed","ping_status":"closed","template":"","meta":{"_acf_changed":false,"_et_pb_use_builder":"","_et_pb_old_content":"","_et_gb_content_width":""},"product_brand":[],"product_cat":[60],"product_tag":[],"class_list":{"0":"post-964","1":"product","2":"type-product","3":"status-publish","4":"has-post-thumbnail","6":"product_cat-elektronisches-zubehoer","8":"first","9":"instock","10":"shipping-taxable","11":"product-type-simple"},"acf":[],"_links":{"self":[{"href":"https:\/\/nuovakiwi.it\/de\/wp-json\/wp\/v2\/product\/964","targetHints":{"allow":["GET"]}}],"collection":[{"href":"https:\/\/nuovakiwi.it\/de\/wp-json\/wp\/v2\/product"}],"about":[{"href":"https:\/\/nuovakiwi.it\/de\/wp-json\/wp\/v2\/types\/product"}],"replies":[{"embeddable":true,"href":"https:\/\/nuovakiwi.it\/de\/wp-json\/wp\/v2\/comments?post=964"}],"wp:featuredmedia":[{"embeddable":true,"href":"https:\/\/nuovakiwi.it\/de\/wp-json\/wp\/v2\/media\/674"}],"wp:attachment":[{"href":"https:\/\/nuovakiwi.it\/de\/wp-json\/wp\/v2\/media?parent=964"}],"wp:term":[{"taxonomy":"product_brand","embeddable":true,"href":"https:\/\/nuovakiwi.it\/de\/wp-json\/wp\/v2\/product_brand?post=964"},{"taxonomy":"product_cat","embeddable":true,"href":"https:\/\/nuovakiwi.it\/de\/wp-json\/wp\/v2\/product_cat?post=964"},{"taxonomy":"product_tag","embeddable":true,"href":"https:\/\/nuovakiwi.it\/de\/wp-json\/wp\/v2\/product_tag?post=964"}],"curies":[{"name":"wp","href":"https:\/\/api.w.org\/{rel}","templated":true}]}}