{"id":950,"date":"2025-06-11T08:58:12","date_gmt":"2025-06-11T08:58:12","guid":{"rendered":"https:\/\/nuovakiwi.it\/prodotto\/scheda-s2\/"},"modified":"2025-06-12T12:44:01","modified_gmt":"2025-06-12T12:44:01","slug":"elektronische-platte-s2","status":"publish","type":"product","link":"https:\/\/nuovakiwi.it\/de\/produkt\/elektronische-platte-s2\/","title":{"rendered":"ELEKTRONISCHE PLATTE S2"},"content":{"rendered":"<h3>BAUEIGENSCHAFTEN<\/h3>\n<ul>\n<li>Bidirektionale Ansteuerung<\/li>\n<li>Maximaler Ausgangsstrom: 5A DC<\/li>\n<li>Versorgungsspannung der Steuerplatine: 24V DC +15%<\/li>\n<li>Versorgungsspannung des Getriebemotors: 24V DC<\/li>\n<li>Start\/Stopp-Steuerung<\/li>\n<li>Konstante Geschwindigkeit bei variabler Drehmomentregelung \u00fcber Encoder-Steuerung<\/li>\n<li>Geschwindigkeitsregelung \u00fcber Potentiometer oder externes Steuersignal mit 0\u201310V Eingang<\/li>\n<li>Einstellbare Beschleunigungs- und Verz\u00f6gerungsrampen<\/li>\n<li>Motorschutz durch Sicherung und selbstzur\u00fcckstellenden Varistor<\/li>\n<li>GLEICHRICHTERPLATINE VERF\u00dcGBAR \u2192 24V AC \u2192 24V DC<\/li>\n<\/ul>\n","protected":false},"excerpt":{"rendered":"<p>BAUEIGENSCHAFTEN Bidirektionale Ansteuerung Maximaler Ausgangsstrom: 5A DC Versorgungsspannung der Steuerplatine: 24V DC +15% Versorgungsspannung des Getriebemotors: 24V DC Start\/Stopp-Steuerung Konstante Geschwindigkeit bei variabler Drehmomentregelung \u00fcber Encoder-Steuerung Geschwindigkeitsregelung \u00fcber Potentiometer oder externes Steuersignal mit 0\u201310V Eingang Einstellbare Beschleunigungs- und Verz\u00f6gerungsrampen Motorschutz durch Sicherung und selbstzur\u00fcckstellenden Varistor GLEICHRICHTERPLATINE VERF\u00dcGBAR \u2192 24V AC \u2192 24V DC<\/p>\n","protected":false},"featured_media":662,"comment_status":"closed","ping_status":"closed","template":"","meta":{"_acf_changed":false,"_et_pb_use_builder":"","_et_pb_old_content":"","_et_gb_content_width":""},"product_brand":[],"product_cat":[60],"product_tag":[],"class_list":{"0":"post-950","1":"product","2":"type-product","3":"status-publish","4":"has-post-thumbnail","6":"product_cat-elektronisches-zubehoer","8":"first","9":"instock","10":"shipping-taxable","11":"product-type-simple"},"acf":[],"_links":{"self":[{"href":"https:\/\/nuovakiwi.it\/de\/wp-json\/wp\/v2\/product\/950","targetHints":{"allow":["GET"]}}],"collection":[{"href":"https:\/\/nuovakiwi.it\/de\/wp-json\/wp\/v2\/product"}],"about":[{"href":"https:\/\/nuovakiwi.it\/de\/wp-json\/wp\/v2\/types\/product"}],"replies":[{"embeddable":true,"href":"https:\/\/nuovakiwi.it\/de\/wp-json\/wp\/v2\/comments?post=950"}],"wp:featuredmedia":[{"embeddable":true,"href":"https:\/\/nuovakiwi.it\/de\/wp-json\/wp\/v2\/media\/662"}],"wp:attachment":[{"href":"https:\/\/nuovakiwi.it\/de\/wp-json\/wp\/v2\/media?parent=950"}],"wp:term":[{"taxonomy":"product_brand","embeddable":true,"href":"https:\/\/nuovakiwi.it\/de\/wp-json\/wp\/v2\/product_brand?post=950"},{"taxonomy":"product_cat","embeddable":true,"href":"https:\/\/nuovakiwi.it\/de\/wp-json\/wp\/v2\/product_cat?post=950"},{"taxonomy":"product_tag","embeddable":true,"href":"https:\/\/nuovakiwi.it\/de\/wp-json\/wp\/v2\/product_tag?post=950"}],"curies":[{"name":"wp","href":"https:\/\/api.w.org\/{rel}","templated":true}]}}