{"id":908,"date":"2025-06-10T16:12:07","date_gmt":"2025-06-10T16:12:07","guid":{"rendered":"https:\/\/nuovakiwi.it\/prodotto\/serie-ev-600\/"},"modified":"2025-06-12T12:12:17","modified_gmt":"2025-06-12T12:12:17","slug":"serie-ev-600","status":"publish","type":"product","link":"https:\/\/nuovakiwi.it\/de\/produkt\/serie-ev-600\/","title":{"rendered":"Serie EV.600"},"content":{"rendered":"<h3>BAUEIGENSCHAFTEN<\/h3>\n<p>Der Schneckengetriebemotor EV600 verf\u00fcgt \u00fcber einen Dauermagnetmotor eines Durchmessers von 63 und besteht aus modernen Systemen und Materialien hoher Qualit\u00e4t. Das besondere Evolventenprofil der Schnecke (direkt in der Motorwelle erzielt) koppelt in einen Zahnkranz aus Kunststoff hoher Verschlei\u00dffestigkeit ein. Dieses System garantiert dem Getriebemotor eine lange Lebensdauer und wird besonders wegen seiner Ger\u00e4uschlosigkeit, Robustheit und Wirkungsbest\u00e4ndigkeit gesch\u00e4tzt.<\/p>\n","protected":false},"excerpt":{"rendered":"<p>BAUEIGENSCHAFTEN Der Schneckengetriebemotor EV600 verf\u00fcgt \u00fcber einen Dauermagnetmotor eines Durchmessers von 63 und besteht aus modernen Systemen und Materialien hoher Qualit\u00e4t. Das besondere Evolventenprofil der Schnecke (direkt in der Motorwelle erzielt) koppelt in einen Zahnkranz aus Kunststoff hoher Verschlei\u00dffestigkeit ein. Dieses System garantiert dem Getriebemotor eine lange Lebensdauer und wird besonders wegen seiner Ger\u00e4uschlosigkeit, Robustheit [&hellip;]<\/p>\n","protected":false},"featured_media":608,"comment_status":"closed","ping_status":"closed","template":"","meta":{"_acf_changed":false,"_et_pb_use_builder":"","_et_pb_old_content":"","_et_gb_content_width":""},"product_brand":[],"product_cat":[42,53],"product_tag":[],"class_list":{"0":"post-908","1":"product","2":"type-product","3":"status-publish","4":"has-post-thumbnail","6":"product_cat-getriebemotoren","7":"product_cat-630v-dc-schneckengetriebe-motoren","9":"first","10":"instock","11":"shipping-taxable","12":"product-type-simple"},"acf":[],"_links":{"self":[{"href":"https:\/\/nuovakiwi.it\/de\/wp-json\/wp\/v2\/product\/908","targetHints":{"allow":["GET"]}}],"collection":[{"href":"https:\/\/nuovakiwi.it\/de\/wp-json\/wp\/v2\/product"}],"about":[{"href":"https:\/\/nuovakiwi.it\/de\/wp-json\/wp\/v2\/types\/product"}],"replies":[{"embeddable":true,"href":"https:\/\/nuovakiwi.it\/de\/wp-json\/wp\/v2\/comments?post=908"}],"wp:featuredmedia":[{"embeddable":true,"href":"https:\/\/nuovakiwi.it\/de\/wp-json\/wp\/v2\/media\/608"}],"wp:attachment":[{"href":"https:\/\/nuovakiwi.it\/de\/wp-json\/wp\/v2\/media?parent=908"}],"wp:term":[{"taxonomy":"product_brand","embeddable":true,"href":"https:\/\/nuovakiwi.it\/de\/wp-json\/wp\/v2\/product_brand?post=908"},{"taxonomy":"product_cat","embeddable":true,"href":"https:\/\/nuovakiwi.it\/de\/wp-json\/wp\/v2\/product_cat?post=908"},{"taxonomy":"product_tag","embeddable":true,"href":"https:\/\/nuovakiwi.it\/de\/wp-json\/wp\/v2\/product_tag?post=908"}],"curies":[{"name":"wp","href":"https:\/\/api.w.org\/{rel}","templated":true}]}}