{"id":880,"date":"2025-06-10T16:04:33","date_gmt":"2025-06-10T16:04:33","guid":{"rendered":"https:\/\/nuovakiwi.it\/prodotto\/serie-55-n15\/"},"modified":"2025-06-12T10:24:41","modified_gmt":"2025-06-12T10:24:41","slug":"serie-55-n15","status":"publish","type":"product","link":"https:\/\/nuovakiwi.it\/de\/produkt\/serie-55-n15\/","title":{"rendered":"Serie 55.N15"},"content":{"rendered":"<h3>ANWENDUNGEN<\/h3>\n<ul>\n<li>Pellet\u00f6fen und -brenner<\/li>\n<li>Spiessen<\/li>\n<li>Maschinen f\u00fcr die Lebensmittelindustrie<\/li>\n<li>Vending Maschinen<\/li>\n<li>Industrielle Servogeraete<\/li>\n<\/ul>\n<h3>BAUEIGENSCHAFTEN<\/h3>\n<ul>\n<li>Einphasenasynchronmotoren, Nennspannung 230V AC 50 Hz<\/li>\n<li>Das Reduziergetriebegeh\u00e4use besteht aus Zama-Druckguss<\/li>\n<li>F\u00fcr die Befestigung sind 6 Schraubl\u00f6cher M5.<\/li>\n<li>Der Getriebemotor ist reversible<\/li>\n<\/ul>\n","protected":false},"excerpt":{"rendered":"<p>ANWENDUNGEN Pellet\u00f6fen und -brenner Spiessen Maschinen f\u00fcr die Lebensmittelindustrie Vending Maschinen Industrielle Servogeraete BAUEIGENSCHAFTEN Einphasenasynchronmotoren, Nennspannung 230V AC 50 Hz Das Reduziergetriebegeh\u00e4use besteht aus Zama-Druckguss F\u00fcr die Befestigung sind 6 Schraubl\u00f6cher M5. Der Getriebemotor ist reversible<\/p>\n","protected":false},"featured_media":584,"comment_status":"closed","ping_status":"closed","template":"","meta":{"_acf_changed":false,"_et_pb_use_builder":"","_et_pb_old_content":"","_et_gb_content_width":""},"product_brand":[],"product_cat":[42,54],"product_tag":[],"class_list":{"0":"post-880","1":"product","2":"type-product","3":"status-publish","4":"has-post-thumbnail","6":"product_cat-getriebemotoren","7":"product_cat-230v-ac-50-hz-de","9":"first","10":"instock","11":"shipping-taxable","12":"product-type-simple"},"acf":[],"_links":{"self":[{"href":"https:\/\/nuovakiwi.it\/de\/wp-json\/wp\/v2\/product\/880","targetHints":{"allow":["GET"]}}],"collection":[{"href":"https:\/\/nuovakiwi.it\/de\/wp-json\/wp\/v2\/product"}],"about":[{"href":"https:\/\/nuovakiwi.it\/de\/wp-json\/wp\/v2\/types\/product"}],"replies":[{"embeddable":true,"href":"https:\/\/nuovakiwi.it\/de\/wp-json\/wp\/v2\/comments?post=880"}],"wp:featuredmedia":[{"embeddable":true,"href":"https:\/\/nuovakiwi.it\/de\/wp-json\/wp\/v2\/media\/584"}],"wp:attachment":[{"href":"https:\/\/nuovakiwi.it\/de\/wp-json\/wp\/v2\/media?parent=880"}],"wp:term":[{"taxonomy":"product_brand","embeddable":true,"href":"https:\/\/nuovakiwi.it\/de\/wp-json\/wp\/v2\/product_brand?post=880"},{"taxonomy":"product_cat","embeddable":true,"href":"https:\/\/nuovakiwi.it\/de\/wp-json\/wp\/v2\/product_cat?post=880"},{"taxonomy":"product_tag","embeddable":true,"href":"https:\/\/nuovakiwi.it\/de\/wp-json\/wp\/v2\/product_tag?post=880"}],"curies":[{"name":"wp","href":"https:\/\/api.w.org\/{rel}","templated":true}]}}