{"id":872,"date":"2025-06-10T16:03:10","date_gmt":"2025-06-10T16:03:10","guid":{"rendered":"https:\/\/nuovakiwi.it\/prodotto\/serie-l-129\/"},"modified":"2025-06-12T10:18:16","modified_gmt":"2025-06-12T10:18:16","slug":"serie-l-129","status":"publish","type":"product","link":"https:\/\/nuovakiwi.it\/de\/produkt\/serie-l-129\/","title":{"rendered":"Serie L.129"},"content":{"rendered":"<h3>ANWENDUNGEN<\/h3>\n<ul>\n<li>Landwirtschaftsmaschinen<\/li>\n<li>Vending Maschinen<\/li>\n<li>Industrielle Servogeraete<\/li>\n<\/ul>\n<h3>BAUEIGENSCHAFTEN<\/h3>\n<ul>\n<li>Dauermagnetmotor, bidirektional, Speisespannung 12\u00f724V<\/li>\n<li>Der Umlaufgetriebemotor bis zum 3 Stufen<\/li>\n<li>Die Ausgangswelle gleitet auf Gleitlagern<\/li>\n<li>F\u00fcr die Befestigung sind 3 L\u00f6cher \u00f82,4 mit einer max. Penetration von 10mm vorgesehen<\/li>\n<li>Dauerbetrieb oder Aussetzbetrieb<\/li>\n<\/ul>\n<h3>KUNDENSPEZIFISCHE ANFORDERUNGEN UND ZUBEH\u00d6R AUF WUNSCH<\/h3>\n<ul>\n<li>Kundenspezifische Verkabelungen<\/li>\n<li>Variationen der Ausgangsgeschwindigkeit<\/li>\n<li>Magnetencoder<\/li>\n<\/ul>\n","protected":false},"excerpt":{"rendered":"<p>ANWENDUNGEN Landwirtschaftsmaschinen Vending Maschinen Industrielle Servogeraete BAUEIGENSCHAFTEN Dauermagnetmotor, bidirektional, Speisespannung 12\u00f724V Der Umlaufgetriebemotor bis zum 3 Stufen Die Ausgangswelle gleitet auf Gleitlagern F\u00fcr die Befestigung sind 3 L\u00f6cher \u00f82,4 mit einer max. Penetration von 10mm vorgesehen Dauerbetrieb oder Aussetzbetrieb KUNDENSPEZIFISCHE ANFORDERUNGEN UND ZUBEH\u00d6R AUF WUNSCH Kundenspezifische Verkabelungen Variationen der Ausgangsgeschwindigkeit Magnetencoder<\/p>\n","protected":false},"featured_media":578,"comment_status":"closed","ping_status":"closed","template":"","meta":{"_acf_changed":false,"_et_pb_use_builder":"","_et_pb_old_content":"","_et_gb_content_width":""},"product_brand":[],"product_cat":[42,55],"product_tag":[],"class_list":{"0":"post-872","1":"product","2":"type-product","3":"status-publish","4":"has-post-thumbnail","6":"product_cat-getriebemotoren","7":"product_cat-624v-dc-planetengetribe-motoren","9":"first","10":"instock","11":"shipping-taxable","12":"product-type-simple"},"acf":[],"_links":{"self":[{"href":"https:\/\/nuovakiwi.it\/de\/wp-json\/wp\/v2\/product\/872","targetHints":{"allow":["GET"]}}],"collection":[{"href":"https:\/\/nuovakiwi.it\/de\/wp-json\/wp\/v2\/product"}],"about":[{"href":"https:\/\/nuovakiwi.it\/de\/wp-json\/wp\/v2\/types\/product"}],"replies":[{"embeddable":true,"href":"https:\/\/nuovakiwi.it\/de\/wp-json\/wp\/v2\/comments?post=872"}],"wp:featuredmedia":[{"embeddable":true,"href":"https:\/\/nuovakiwi.it\/de\/wp-json\/wp\/v2\/media\/578"}],"wp:attachment":[{"href":"https:\/\/nuovakiwi.it\/de\/wp-json\/wp\/v2\/media?parent=872"}],"wp:term":[{"taxonomy":"product_brand","embeddable":true,"href":"https:\/\/nuovakiwi.it\/de\/wp-json\/wp\/v2\/product_brand?post=872"},{"taxonomy":"product_cat","embeddable":true,"href":"https:\/\/nuovakiwi.it\/de\/wp-json\/wp\/v2\/product_cat?post=872"},{"taxonomy":"product_tag","embeddable":true,"href":"https:\/\/nuovakiwi.it\/de\/wp-json\/wp\/v2\/product_tag?post=872"}],"curies":[{"name":"wp","href":"https:\/\/api.w.org\/{rel}","templated":true}]}}