{"id":851,"date":"2025-06-10T15:55:08","date_gmt":"2025-06-10T15:55:08","guid":{"rendered":"https:\/\/nuovakiwi.it\/prodotto\/serie-l-151\/"},"modified":"2025-06-12T10:02:30","modified_gmt":"2025-06-12T10:02:30","slug":"serie-l-151","status":"publish","type":"product","link":"https:\/\/nuovakiwi.it\/de\/produkt\/serie-l-151\/","title":{"rendered":"Serie L.151"},"content":{"rendered":"<h3>ANWENDUNGEN<\/h3>\n<ul>\n<li>Linearantriebe<\/li>\n<li>Elektromedizinische Ger\u00e4te<\/li>\n<li>Maschinen f\u00fcr die Lebensmittelindustrie<\/li>\n<li>Landwirtschaftsmaschinen<\/li>\n<li>Industrielle Servogeraete<\/li>\n<\/ul>\n<h3>BAUEIGENSCHAFTEN<\/h3>\n<ul>\n<li>Dauermagnetmotor, bidirektional, Speisespannung 6\u00f724V DC<\/li>\n<li>Planeten-Verminderung<\/li>\n<li>F\u00fcr die Befestigung sind 4 Schraubl\u00f6cher \u00d8 3,7 mm mit einer max. Penetration von 10mm vorgesehen<\/li>\n<li>Abtriebswelle langsam mit max. \u00f8 14,0 mm lieferbar<\/li>\n<\/ul>\n<h3>KUNDENSPEZIFISCHE ANFORDERUNGEN UND ZUBEH\u00d6R AUF WUNSCH<\/h3>\n<ul>\n<li>Magnetencoder<\/li>\n<li>Getriebeausgangswelle<\/li>\n<\/ul>\n","protected":false},"excerpt":{"rendered":"<p>ANWENDUNGEN Linearantriebe Elektromedizinische Ger\u00e4te Maschinen f\u00fcr die Lebensmittelindustrie Landwirtschaftsmaschinen Industrielle Servogeraete BAUEIGENSCHAFTEN Dauermagnetmotor, bidirektional, Speisespannung 6\u00f724V DC Planeten-Verminderung F\u00fcr die Befestigung sind 4 Schraubl\u00f6cher \u00d8 3,7 mm mit einer max. Penetration von 10mm vorgesehen Abtriebswelle langsam mit max. \u00f8 14,0 mm lieferbar KUNDENSPEZIFISCHE ANFORDERUNGEN UND ZUBEH\u00d6R AUF WUNSCH Magnetencoder Getriebeausgangswelle<\/p>\n","protected":false},"featured_media":560,"comment_status":"closed","ping_status":"closed","template":"","meta":{"_acf_changed":false,"_et_pb_use_builder":"","_et_pb_old_content":"","_et_gb_content_width":""},"product_brand":[],"product_cat":[42,55],"product_tag":[],"class_list":{"0":"post-851","1":"product","2":"type-product","3":"status-publish","4":"has-post-thumbnail","6":"product_cat-getriebemotoren","7":"product_cat-624v-dc-planetengetribe-motoren","9":"first","10":"instock","11":"shipping-taxable","12":"product-type-simple"},"acf":[],"_links":{"self":[{"href":"https:\/\/nuovakiwi.it\/de\/wp-json\/wp\/v2\/product\/851","targetHints":{"allow":["GET"]}}],"collection":[{"href":"https:\/\/nuovakiwi.it\/de\/wp-json\/wp\/v2\/product"}],"about":[{"href":"https:\/\/nuovakiwi.it\/de\/wp-json\/wp\/v2\/types\/product"}],"replies":[{"embeddable":true,"href":"https:\/\/nuovakiwi.it\/de\/wp-json\/wp\/v2\/comments?post=851"}],"wp:featuredmedia":[{"embeddable":true,"href":"https:\/\/nuovakiwi.it\/de\/wp-json\/wp\/v2\/media\/560"}],"wp:attachment":[{"href":"https:\/\/nuovakiwi.it\/de\/wp-json\/wp\/v2\/media?parent=851"}],"wp:term":[{"taxonomy":"product_brand","embeddable":true,"href":"https:\/\/nuovakiwi.it\/de\/wp-json\/wp\/v2\/product_brand?post=851"},{"taxonomy":"product_cat","embeddable":true,"href":"https:\/\/nuovakiwi.it\/de\/wp-json\/wp\/v2\/product_cat?post=851"},{"taxonomy":"product_tag","embeddable":true,"href":"https:\/\/nuovakiwi.it\/de\/wp-json\/wp\/v2\/product_tag?post=851"}],"curies":[{"name":"wp","href":"https:\/\/api.w.org\/{rel}","templated":true}]}}