{"id":830,"date":"2025-06-10T15:49:09","date_gmt":"2025-06-10T15:49:09","guid":{"rendered":"https:\/\/nuovakiwi.it\/prodotto\/serie-35-0420\/"},"modified":"2025-06-12T09:42:50","modified_gmt":"2025-06-12T09:42:50","slug":"serie-35-0420","status":"publish","type":"product","link":"https:\/\/nuovakiwi.it\/de\/produkt\/serie-35-0420\/","title":{"rendered":"Serie 35.0420"},"content":{"rendered":"<h3>ANWENDUNGEN<\/h3>\n<ul>\n<li>Vending Maschinen<\/li>\n<li>Maschinen f\u00fcr die Lebensmittelindustrie<\/li>\n<li>Industrielle Servogeraete<\/li>\n<\/ul>\n<h3>BAUEIGENSCHAFTEN<\/h3>\n<ul>\n<li>Dauermagnetmotor, bidirektional, Speisespannung 6\u00f724V<\/li>\n<li>Das Reduziergetriebegeh\u00e4use besteht aus thermoplastischen Material<\/li>\n<li>Die Querschnittsverminderung wird durch Zahnradkaskade erzielt<\/li>\n<li>Die Ausgangshohlwelle ist mit einem Nocken versehen, der einen Mikroschalter zur \u00dcberpr\u00fcfung der Drehung aktiviert; im Falle eines Getriebemotors mit nur einem Ausgang kann dieser je nach gew\u00fcnschtem Modell mittels Kastensystem oder Schnappsystem befestigt werden<\/li>\n<li>Die Serie 35.0420D zeichnet sich durch den doppelten Ausgang aus, der die gleichzeitige Drehung eines<\/li>\n<li>Aussetzbetrieb<\/li>\n<\/ul>\n<h3>KUNDENSPEZIFISCHE ANFORDERUNGEN UND ZUBEH\u00d6R AUF WUNSCH<\/h3>\n<ul>\n<li>Getriebeausgangswelle<\/li>\n<li>Sonderschmierung f\u00fcr den Gebrauch des Getriebemotors in Umgebungen mit Temperaturen unter 0\u00b0 Grad<\/li>\n<li>Kundenspezifische Verkabelungen<\/li>\n<\/ul>\n","protected":false},"excerpt":{"rendered":"<p>ANWENDUNGEN Vending Maschinen Maschinen f\u00fcr die Lebensmittelindustrie Industrielle Servogeraete BAUEIGENSCHAFTEN Dauermagnetmotor, bidirektional, Speisespannung 6\u00f724V Das Reduziergetriebegeh\u00e4use besteht aus thermoplastischen Material Die Querschnittsverminderung wird durch Zahnradkaskade erzielt Die Ausgangshohlwelle ist mit einem Nocken versehen, der einen Mikroschalter zur \u00dcberpr\u00fcfung der Drehung aktiviert; im Falle eines Getriebemotors mit nur einem Ausgang kann dieser je nach gew\u00fcnschtem Modell [&hellip;]<\/p>\n","protected":false},"featured_media":542,"comment_status":"closed","ping_status":"closed","template":"","meta":{"_acf_changed":false,"_et_pb_use_builder":"","_et_pb_old_content":"","_et_gb_content_width":""},"product_brand":[],"product_cat":[42,52],"product_tag":[],"class_list":{"0":"post-830","1":"product","2":"type-product","3":"status-publish","4":"has-post-thumbnail","6":"product_cat-getriebemotoren","7":"product_cat-624v-dc-parallelen-achsengetriebe-motoren","9":"first","10":"instock","11":"shipping-taxable","12":"product-type-simple"},"acf":[],"_links":{"self":[{"href":"https:\/\/nuovakiwi.it\/de\/wp-json\/wp\/v2\/product\/830","targetHints":{"allow":["GET"]}}],"collection":[{"href":"https:\/\/nuovakiwi.it\/de\/wp-json\/wp\/v2\/product"}],"about":[{"href":"https:\/\/nuovakiwi.it\/de\/wp-json\/wp\/v2\/types\/product"}],"replies":[{"embeddable":true,"href":"https:\/\/nuovakiwi.it\/de\/wp-json\/wp\/v2\/comments?post=830"}],"wp:featuredmedia":[{"embeddable":true,"href":"https:\/\/nuovakiwi.it\/de\/wp-json\/wp\/v2\/media\/542"}],"wp:attachment":[{"href":"https:\/\/nuovakiwi.it\/de\/wp-json\/wp\/v2\/media?parent=830"}],"wp:term":[{"taxonomy":"product_brand","embeddable":true,"href":"https:\/\/nuovakiwi.it\/de\/wp-json\/wp\/v2\/product_brand?post=830"},{"taxonomy":"product_cat","embeddable":true,"href":"https:\/\/nuovakiwi.it\/de\/wp-json\/wp\/v2\/product_cat?post=830"},{"taxonomy":"product_tag","embeddable":true,"href":"https:\/\/nuovakiwi.it\/de\/wp-json\/wp\/v2\/product_tag?post=830"}],"curies":[{"name":"wp","href":"https:\/\/api.w.org\/{rel}","templated":true}]}}