{"id":823,"date":"2025-06-10T15:47:48","date_gmt":"2025-06-10T15:47:48","guid":{"rendered":"https:\/\/nuovakiwi.it\/prodotto\/serie-40-2200\/"},"modified":"2025-06-12T09:34:13","modified_gmt":"2025-06-12T09:34:13","slug":"serie-40-2200","status":"publish","type":"product","link":"https:\/\/nuovakiwi.it\/de\/produkt\/serie-40-2200\/","title":{"rendered":"Serie 40.2200"},"content":{"rendered":"<h3>ANWENDUNGEN<\/h3>\n<ul>\n<li>Landwirtschaftsmaschinen<\/li>\n<li>Elektroventile<\/li>\n<li>Industrielle Servogeraete<\/li>\n<\/ul>\n<h3>BAUEIGENSCHAFTEN<\/h3>\n<ul>\n<li>Dauermagnetmotor, bidirektional, Speisespannung 6\u00f724V DC<\/li>\n<li>Das Reduziergetriebegeh\u00e4use besteht aus verst\u00e4rktem Polyamid<\/li>\n<li>Die Querschnittsverminderung wird durch Zahnradkaskade erzielt<\/li>\n<li>Die langsam laufende Ausgangswelle besteht aus Inoxstahl und sie gleitet auf auf Gleitlagern.<\/li>\n<li>F\u00fcr die Befestigung sind 4 Schraubl\u00f6cher 4 L\u00f6cher \u00d8 4 vorgesehen, die am Au\u00dfenrand des Reduziergetriebegeh\u00e4uses positioniert sind.<\/li>\n<li>Aussetzbetrieb<\/li>\n<\/ul>\n<h3>KUNDENSPEZIFISCHE ANFORDERUNGEN UND ZUBEH\u00d6R AUF WUNSCH<\/h3>\n<ul>\n<li>Getriebeausgangswelle<\/li>\n<li>Kundenspezifische Verkabelungen<\/li>\n<li>Motorabdeckhaube<\/li>\n<\/ul>\n","protected":false},"excerpt":{"rendered":"<p>ANWENDUNGEN Landwirtschaftsmaschinen Elektroventile Industrielle Servogeraete BAUEIGENSCHAFTEN Dauermagnetmotor, bidirektional, Speisespannung 6\u00f724V DC Das Reduziergetriebegeh\u00e4use besteht aus verst\u00e4rktem Polyamid Die Querschnittsverminderung wird durch Zahnradkaskade erzielt Die langsam laufende Ausgangswelle besteht aus Inoxstahl und sie gleitet auf auf Gleitlagern. F\u00fcr die Befestigung sind 4 Schraubl\u00f6cher 4 L\u00f6cher \u00d8 4 vorgesehen, die am Au\u00dfenrand des Reduziergetriebegeh\u00e4uses positioniert sind. Aussetzbetrieb [&hellip;]<\/p>\n","protected":false},"featured_media":536,"comment_status":"closed","ping_status":"closed","template":"","meta":{"_acf_changed":false,"_et_pb_use_builder":"","_et_pb_old_content":"","_et_gb_content_width":""},"product_brand":[],"product_cat":[42,52],"product_tag":[],"class_list":{"0":"post-823","1":"product","2":"type-product","3":"status-publish","4":"has-post-thumbnail","6":"product_cat-getriebemotoren","7":"product_cat-624v-dc-parallelen-achsengetriebe-motoren","9":"first","10":"instock","11":"shipping-taxable","12":"product-type-simple"},"acf":[],"_links":{"self":[{"href":"https:\/\/nuovakiwi.it\/de\/wp-json\/wp\/v2\/product\/823","targetHints":{"allow":["GET"]}}],"collection":[{"href":"https:\/\/nuovakiwi.it\/de\/wp-json\/wp\/v2\/product"}],"about":[{"href":"https:\/\/nuovakiwi.it\/de\/wp-json\/wp\/v2\/types\/product"}],"replies":[{"embeddable":true,"href":"https:\/\/nuovakiwi.it\/de\/wp-json\/wp\/v2\/comments?post=823"}],"wp:featuredmedia":[{"embeddable":true,"href":"https:\/\/nuovakiwi.it\/de\/wp-json\/wp\/v2\/media\/536"}],"wp:attachment":[{"href":"https:\/\/nuovakiwi.it\/de\/wp-json\/wp\/v2\/media?parent=823"}],"wp:term":[{"taxonomy":"product_brand","embeddable":true,"href":"https:\/\/nuovakiwi.it\/de\/wp-json\/wp\/v2\/product_brand?post=823"},{"taxonomy":"product_cat","embeddable":true,"href":"https:\/\/nuovakiwi.it\/de\/wp-json\/wp\/v2\/product_cat?post=823"},{"taxonomy":"product_tag","embeddable":true,"href":"https:\/\/nuovakiwi.it\/de\/wp-json\/wp\/v2\/product_tag?post=823"}],"curies":[{"name":"wp","href":"https:\/\/api.w.org\/{rel}","templated":true}]}}