{"id":816,"date":"2025-06-10T15:45:16","date_gmt":"2025-06-10T15:45:16","guid":{"rendered":"https:\/\/nuovakiwi.it\/prodotto\/serie-45-m5\/"},"modified":"2025-06-12T09:26:08","modified_gmt":"2025-06-12T09:26:08","slug":"serie-45-m5","status":"publish","type":"product","link":"https:\/\/nuovakiwi.it\/de\/produkt\/serie-45-m5\/","title":{"rendered":"Serie 45.M5"},"content":{"rendered":"<h3>ANWENDUNGEN<\/h3>\n<ul>\n<li>Pellet\u00f6fen und -brenner<\/li>\n<li>Miscelatori<\/li>\n<li>Maschinen f\u00fcr die Lebensmittelindustrie<\/li>\n<li>Vending Maschinen<\/li>\n<li>Industrielle Servogeraete<\/li>\n<\/ul>\n<h3>BAUEIGENSCHAFTEN<\/h3>\n<ul>\n<li>Dauermagnetmotor, bidirektional, Speisespannung 6\u00f730V<\/li>\n<li>Das Reduziergetriebegeh\u00e4use besteht aus Zama-Druckguss<\/li>\n<li>Die Querschnittsverminderung wird durch Zahnradkaskade erzielt<\/li>\n<li>Die Ausgangswelle gleitet auf Gleitlagern<\/li>\n<li>F\u00fcr die Befestigung sind 6 Schraubl\u00f6cher M4<\/li>\n<li>Dauerbetrieb oder Aussetzbetrieb<\/li>\n<\/ul>\n<h3>KUNDENSPEZIFISCHE ANFORDERUNGEN UND ZUBEH\u00d6R AUF WUNSCH<\/h3>\n<ul>\n<li>Getriebeausgangswelle<\/li>\n<li>Kundenspezifische Verkabelungen<\/li>\n<li>Magnetencoder<\/li>\n<\/ul>\n","protected":false},"excerpt":{"rendered":"<p>ANWENDUNGEN Pellet\u00f6fen und -brenner Miscelatori Maschinen f\u00fcr die Lebensmittelindustrie Vending Maschinen Industrielle Servogeraete BAUEIGENSCHAFTEN Dauermagnetmotor, bidirektional, Speisespannung 6\u00f730V Das Reduziergetriebegeh\u00e4use besteht aus Zama-Druckguss Die Querschnittsverminderung wird durch Zahnradkaskade erzielt Die Ausgangswelle gleitet auf Gleitlagern F\u00fcr die Befestigung sind 6 Schraubl\u00f6cher M4 Dauerbetrieb oder Aussetzbetrieb KUNDENSPEZIFISCHE ANFORDERUNGEN UND ZUBEH\u00d6R AUF WUNSCH Getriebeausgangswelle Kundenspezifische Verkabelungen Magnetencoder<\/p>\n","protected":false},"featured_media":530,"comment_status":"closed","ping_status":"closed","template":"","meta":{"_acf_changed":false,"_et_pb_use_builder":"","_et_pb_old_content":"","_et_gb_content_width":""},"product_brand":[],"product_cat":[42,52],"product_tag":[],"class_list":{"0":"post-816","1":"product","2":"type-product","3":"status-publish","4":"has-post-thumbnail","6":"product_cat-getriebemotoren","7":"product_cat-624v-dc-parallelen-achsengetriebe-motoren","9":"first","10":"instock","11":"shipping-taxable","12":"product-type-simple"},"acf":[],"_links":{"self":[{"href":"https:\/\/nuovakiwi.it\/de\/wp-json\/wp\/v2\/product\/816","targetHints":{"allow":["GET"]}}],"collection":[{"href":"https:\/\/nuovakiwi.it\/de\/wp-json\/wp\/v2\/product"}],"about":[{"href":"https:\/\/nuovakiwi.it\/de\/wp-json\/wp\/v2\/types\/product"}],"replies":[{"embeddable":true,"href":"https:\/\/nuovakiwi.it\/de\/wp-json\/wp\/v2\/comments?post=816"}],"wp:featuredmedia":[{"embeddable":true,"href":"https:\/\/nuovakiwi.it\/de\/wp-json\/wp\/v2\/media\/530"}],"wp:attachment":[{"href":"https:\/\/nuovakiwi.it\/de\/wp-json\/wp\/v2\/media?parent=816"}],"wp:term":[{"taxonomy":"product_brand","embeddable":true,"href":"https:\/\/nuovakiwi.it\/de\/wp-json\/wp\/v2\/product_brand?post=816"},{"taxonomy":"product_cat","embeddable":true,"href":"https:\/\/nuovakiwi.it\/de\/wp-json\/wp\/v2\/product_cat?post=816"},{"taxonomy":"product_tag","embeddable":true,"href":"https:\/\/nuovakiwi.it\/de\/wp-json\/wp\/v2\/product_tag?post=816"}],"curies":[{"name":"wp","href":"https:\/\/api.w.org\/{rel}","templated":true}]}}