{"id":808,"date":"2025-06-10T15:41:58","date_gmt":"2025-06-10T15:41:58","guid":{"rendered":"https:\/\/nuovakiwi.it\/prodotto\/serie-55-n24\/"},"modified":"2025-06-12T09:13:56","modified_gmt":"2025-06-12T09:13:56","slug":"serie-55-n24","status":"publish","type":"product","link":"https:\/\/nuovakiwi.it\/de\/produkt\/serie-55-n24\/","title":{"rendered":"Serie 55.N24"},"content":{"rendered":"<h3>ANWENDUNGEN<\/h3>\n<ul>\n<li>Maschinen f\u00fcr die Lebensmittelindustrie<\/li>\n<li>Landwirtschaftsmaschinen<\/li>\n<li>Industrielle Servogeraete<\/li>\n<li>Vending<\/li>\n<\/ul>\n<h3>BAUEIGENSCHAFTEN<\/h3>\n<ul>\n<li>Dauermagnetmotor, bidirektional, Speisespannung 6\u00f724V DC<\/li>\n<li>Das Reduziergetriebegeh\u00e4use besteht aus Zama-Druckguss, Die Verminderung wird durch Mdp Stahl erzielt<\/li>\n<li>F\u00fcr die Befestigung sind 6 Schraubl\u00f6cher. Die Schraubl\u00f6cher sind M5.<\/li>\n<li>Die Getriebeausgangswelle hat Durchmesser von h\u00f6chstens \u00f810,0 mm<\/li>\n<li>6 M5-Durchgangsl\u00f6cher zur Befestigung sind vorhanden<\/li>\n<\/ul>\n<h3>KUNDENSPEZIFISCHE ANFORDERUNGEN UND ZUBEH\u00d6R AUF WUNSCH<\/h3>\n<ul>\n<li>Getriebeausgangswelle<\/li>\n<li>Variationen der Ausgangsgeschwindigkeit<\/li>\n<li>Magnetencoder<\/li>\n<\/ul>\n","protected":false},"excerpt":{"rendered":"<p>ANWENDUNGEN Maschinen f\u00fcr die Lebensmittelindustrie Landwirtschaftsmaschinen Industrielle Servogeraete Vending BAUEIGENSCHAFTEN Dauermagnetmotor, bidirektional, Speisespannung 6\u00f724V DC Das Reduziergetriebegeh\u00e4use besteht aus Zama-Druckguss, Die Verminderung wird durch Mdp Stahl erzielt F\u00fcr die Befestigung sind 6 Schraubl\u00f6cher. Die Schraubl\u00f6cher sind M5. Die Getriebeausgangswelle hat Durchmesser von h\u00f6chstens \u00f810,0 mm 6 M5-Durchgangsl\u00f6cher zur Befestigung sind vorhanden KUNDENSPEZIFISCHE ANFORDERUNGEN UND ZUBEH\u00d6R [&hellip;]<\/p>\n","protected":false},"featured_media":524,"comment_status":"closed","ping_status":"closed","template":"","meta":{"_acf_changed":false,"_et_pb_use_builder":"","_et_pb_old_content":"","_et_gb_content_width":""},"product_brand":[],"product_cat":[42,52],"product_tag":[],"class_list":{"0":"post-808","1":"product","2":"type-product","3":"status-publish","4":"has-post-thumbnail","6":"product_cat-getriebemotoren","7":"product_cat-624v-dc-parallelen-achsengetriebe-motoren","9":"first","10":"instock","11":"shipping-taxable","12":"product-type-simple"},"acf":[],"_links":{"self":[{"href":"https:\/\/nuovakiwi.it\/de\/wp-json\/wp\/v2\/product\/808","targetHints":{"allow":["GET"]}}],"collection":[{"href":"https:\/\/nuovakiwi.it\/de\/wp-json\/wp\/v2\/product"}],"about":[{"href":"https:\/\/nuovakiwi.it\/de\/wp-json\/wp\/v2\/types\/product"}],"replies":[{"embeddable":true,"href":"https:\/\/nuovakiwi.it\/de\/wp-json\/wp\/v2\/comments?post=808"}],"wp:featuredmedia":[{"embeddable":true,"href":"https:\/\/nuovakiwi.it\/de\/wp-json\/wp\/v2\/media\/524"}],"wp:attachment":[{"href":"https:\/\/nuovakiwi.it\/de\/wp-json\/wp\/v2\/media?parent=808"}],"wp:term":[{"taxonomy":"product_brand","embeddable":true,"href":"https:\/\/nuovakiwi.it\/de\/wp-json\/wp\/v2\/product_brand?post=808"},{"taxonomy":"product_cat","embeddable":true,"href":"https:\/\/nuovakiwi.it\/de\/wp-json\/wp\/v2\/product_cat?post=808"},{"taxonomy":"product_tag","embeddable":true,"href":"https:\/\/nuovakiwi.it\/de\/wp-json\/wp\/v2\/product_tag?post=808"}],"curies":[{"name":"wp","href":"https:\/\/api.w.org\/{rel}","templated":true}]}}