{"id":801,"date":"2025-06-10T14:45:59","date_gmt":"2025-06-10T14:45:59","guid":{"rendered":"https:\/\/nuovakiwi.it\/prodotto\/serie-80-020\/"},"modified":"2025-06-12T09:05:12","modified_gmt":"2025-06-12T09:05:12","slug":"serie-80-020","status":"publish","type":"product","link":"https:\/\/nuovakiwi.it\/de\/produkt\/serie-80-020\/","title":{"rendered":"Serie 80.020"},"content":{"rendered":"<h3>ANWENDUNGEN<\/h3>\n<ul>\n<li>Foerdenbaender<\/li>\n<li>Kehrmaschinenfahrzeuge<\/li>\n<li>Abschlepper fuer kleine Fahrzeuge<\/li>\n<\/ul>\n<h3>BAUEIGENSCHAFTEN<\/h3>\n<ul>\n<li>Dauermagnetmotor, bidirektional, Speisespannung 6\u00f724V<\/li>\n<li>Das Reduziergetriebegeh\u00e4use besteht aus Aluminiumdruckguss<\/li>\n<li>Die Querschnittsverminderung wird durch Zahnradkaskade erzielt<\/li>\n<li>Die Ausgangswelle ist aus Stahl \u00d8 10 und gleitet auf Lagerbuchsen<\/li>\n<li>F\u00fcr die Befestigung sind vier Schrauben M6<\/li>\n<li>Dauerbetrieb oder Aussetzbetrieb<\/li>\n<\/ul>\n<h3>KUNDENSPEZIFISCHE ANFORDERUNGEN UND ZUBEH\u00d6R AUF WUNSCH<\/h3>\n<ul>\n<li>Kundenspezifische Verkabelungen<\/li>\n<\/ul>\n","protected":false},"excerpt":{"rendered":"<p>ANWENDUNGEN Foerdenbaender Kehrmaschinenfahrzeuge Abschlepper fuer kleine Fahrzeuge BAUEIGENSCHAFTEN Dauermagnetmotor, bidirektional, Speisespannung 6\u00f724V Das Reduziergetriebegeh\u00e4use besteht aus Aluminiumdruckguss Die Querschnittsverminderung wird durch Zahnradkaskade erzielt Die Ausgangswelle ist aus Stahl \u00d8 10 und gleitet auf Lagerbuchsen F\u00fcr die Befestigung sind vier Schrauben M6 Dauerbetrieb oder Aussetzbetrieb KUNDENSPEZIFISCHE ANFORDERUNGEN UND ZUBEH\u00d6R AUF WUNSCH Kundenspezifische Verkabelungen<\/p>\n","protected":false},"featured_media":512,"comment_status":"closed","ping_status":"closed","template":"","meta":{"_acf_changed":false,"_et_pb_use_builder":"","_et_pb_old_content":"","_et_gb_content_width":""},"product_brand":[],"product_cat":[42,52],"product_tag":[],"class_list":{"0":"post-801","1":"product","2":"type-product","3":"status-publish","4":"has-post-thumbnail","6":"product_cat-getriebemotoren","7":"product_cat-624v-dc-parallelen-achsengetriebe-motoren","9":"first","10":"instock","11":"shipping-taxable","12":"product-type-simple"},"acf":[],"_links":{"self":[{"href":"https:\/\/nuovakiwi.it\/de\/wp-json\/wp\/v2\/product\/801","targetHints":{"allow":["GET"]}}],"collection":[{"href":"https:\/\/nuovakiwi.it\/de\/wp-json\/wp\/v2\/product"}],"about":[{"href":"https:\/\/nuovakiwi.it\/de\/wp-json\/wp\/v2\/types\/product"}],"replies":[{"embeddable":true,"href":"https:\/\/nuovakiwi.it\/de\/wp-json\/wp\/v2\/comments?post=801"}],"wp:featuredmedia":[{"embeddable":true,"href":"https:\/\/nuovakiwi.it\/de\/wp-json\/wp\/v2\/media\/512"}],"wp:attachment":[{"href":"https:\/\/nuovakiwi.it\/de\/wp-json\/wp\/v2\/media?parent=801"}],"wp:term":[{"taxonomy":"product_brand","embeddable":true,"href":"https:\/\/nuovakiwi.it\/de\/wp-json\/wp\/v2\/product_brand?post=801"},{"taxonomy":"product_cat","embeddable":true,"href":"https:\/\/nuovakiwi.it\/de\/wp-json\/wp\/v2\/product_cat?post=801"},{"taxonomy":"product_tag","embeddable":true,"href":"https:\/\/nuovakiwi.it\/de\/wp-json\/wp\/v2\/product_tag?post=801"}],"curies":[{"name":"wp","href":"https:\/\/api.w.org\/{rel}","templated":true}]}}