{"id":744,"date":"2025-06-10T15:29:12","date_gmt":"2025-06-10T15:29:12","guid":{"rendered":"https:\/\/nuovakiwi.it\/cookie-policy\/"},"modified":"2025-06-12T07:52:06","modified_gmt":"2025-06-12T07:52:06","slug":"cookie-richtlinien","status":"publish","type":"page","link":"https:\/\/nuovakiwi.it\/de\/cookie-richtlinien\/","title":{"rendered":"Cookie Richtlinien"},"content":{"rendered":"<p>[et_pb_section fb_built=&#8220;1&#8243; _builder_version=&#8220;4.27.4&#8243; _module_preset=&#8220;default&#8220; custom_padding=&#8220;1%||1%||true|false&#8220; global_colors_info=&#8220;{}&#8220;][et_pb_row _builder_version=&#8220;4.27.4&#8243; _module_preset=&#8220;default&#8220; global_colors_info=&#8220;{}&#8220;][et_pb_column type=&#8220;4_4&#8243; _builder_version=&#8220;4.27.4&#8243; _module_preset=&#8220;default&#8220; global_colors_info=&#8220;{}&#8220;][et_pb_text _builder_version=&#8220;4.27.4&#8243; _module_preset=&#8220;default&#8220; header_font_size=&#8220;25px&#8220; global_colors_info=&#8220;{}&#8220;]<\/p>\n<p><span><b>Cookie-Richtlinien von nuovakiwi.it<\/b><\/span><\/p>\n<p><span>Cookies bestehen aus Teilen von Codes, die im Browser installiert werden und dem Anbieter dabei helfen, die den erkl\u00e4rten Zwecken entsprechenden Dienste zur Verf\u00fcgung zu stellen. Einige der Zwecke, f\u00fcr die Cookies installiert werden, k\u00f6nnen auch die Einwilligung des Nutzers erfordern.\u00a0<\/span><span>Sofern die Installation von Cookies auf einer Einwilligung beruht, kann diese jederzeit nach den Anweisungen in diesem Dokument widerrufen werden.<\/span><\/p>\n<p><span><b>Technische Cookies und Cookies, die aggregierten statistischen Zwecken dienen<\/b><\/span><\/p>\n<p><b>F\u00fcr die Funktionalit\u00e4t des Dienstes essenzielle Aktivit\u00e4ten<\/b><\/p>\n<p><span>Diese Anwendung benutzt Cookies, um Nutzer-Sessions zu speichern und um andere f\u00fcr den Betrieb essenzielle Aktivit\u00e4ten f\u00fcr diese Anwendung durchzuf\u00fchren, zum Beispiel im Zusammenhang mit der Verteilung des Datenverkehrs.<\/span><\/p>\n<p><b>Die Speicherung von Einstellungen, Optimierung und Statistiken betreffende Aktivit\u00e4ten<\/b><\/p>\n<p><span>Diese Anwendung verwendet Cookies, um Browser-Einstellungen zu speichern und um das Surf-Erlebnis des Nutzers zu optimieren. Zu diesen Cookies z\u00e4hlen beispielsweise jene, mit denen die Sprache und die W\u00e4hrung eingestellt werden oder solche f\u00fcr die Verwaltung von Erstanbieterstatistiken, die direkt vom Anbieter der Seite betrieben werden.<\/span><\/p>\n<p><span><b>Andere Arten von Cookies oder Dritte, die Cookies installieren<\/b><\/span><\/p>\n<p><span>Einige der unten aufgelisteten Dienste verwalten Statistiken in aggregierter und anonymisierter Form und erfordern nicht unbedingt die Einwilligung des Nutzers oder k\u00f6nnen direkt vom Anbieter \u2013 abh\u00e4ngig von ihrer Beschreibung \u2013 ohne Hilfe von Drittanbietern betrieben werden.\u00a0<\/span><span>Sollten von Drittanbietern geleistete Dienste bei den unten stehenden Tools erscheinen, k\u00f6nnen diese dazu verwendet werden, um die Surfgewohnheiten des Nutzers nachzuvollziehen \u2013 zus\u00e4tzlich zu den hierin spezifizierten Informationen und ohne Wissen des Anbieters. F\u00fcr genauere Informationen ziehen Sie bitte die Datenschutzerkl\u00e4rungen der aufgelisteten Dienste zurate.<\/span><\/p>\n<p><b>Analytik<\/b><b><br \/><\/b><span>Mit den in diesem Abschnitt aufgef\u00fchrten Dienstleistungen kann der Anbieter den Datenverkehr \u00fcberwachen und analysieren sowie das Verhalten von Nutzern nachverfolgen.<\/span><\/p>\n<p><b>Google Analytics (Google LLC)<\/b><span><br \/><\/span><span>Google Analytics ist ein Webanalysedienst von Google LLC (\u201eGoogle\u201c). Google verwendet die erhobenen Daten, um nachzuverfolgen und zu untersuchen, wie diese Anwendung genutzt wird, Berichte \u00fcber ihre Aktivit\u00e4ten zu verfassen und diese gemeinsam mit anderen Google-Diensten zu nutzen. Google kann die erhobenen Daten verwenden, um die Anzeigen seines eigenen Werbenetzwerks zu kontextualisieren und personalisieren.<\/span><span><br \/><\/span><span>Erhobene personenbezogene Daten: Cookie und Nutzungsdaten.<\/span><span><br \/><\/span><span>Verarbeitungsort: Vereinigte Staaten \u2013<\/span><a href=\"https:\/\/policies.google.com\/privacy\"><span>Datenschutzerkl\u00e4rung<\/span><\/a><span>\u00a0\u2013\u00a0<\/span><a href=\"https:\/\/tools.google.com\/dlpage\/gaoptout?hl=de\"><span>Opt Out<\/span><\/a><span>. Privacy Shield-Mitglied.<\/span><\/p>\n<p><b>Google Ads Conversion-Tracking (Google LLC)<\/b><span><br \/><\/span><span>Conversion-Tracking von Ads ist ein Analysedienst von Google LLC, der die Daten vom Google Ads-Werbenetzwerk mit den durch diese Anwendung get\u00e4tigten Aktionen verbindet.<\/span><span><br \/><\/span><span>Erhobene personenbezogene Daten: Cookie und Nutzungsdaten.<\/span><span><br \/><\/span><span>Verarbeitungsort: Vereinigte Staaten \u2013<\/span><a href=\"https:\/\/policies.google.com\/privacy\"><span>Datenschutzerkl\u00e4rung<\/span><\/a><span>. Privacy Shield-Mitglied.<\/span><\/p>\n<p><b>Anzeigen von Inhalten externer Plattformen<\/b><span><br \/><\/span><span>Mit dieser Art von Diensten k\u00f6nnen Nutzer sich Inhalte, die auf externen Plattformen gehostet werden, direkt \u00fcber diese Anwendung anzeigen lassen und mit ihnen interagieren.<\/span><span><br \/><\/span><span>Falls ein solcher Dienst installiert ist, so kann er f\u00fcr die Seiten, auf denen er installiert ist, m\u00f6glicherweise auch dann Daten aus dem Datenverkehr erheben, wenn Nutzer ihn nicht verwenden.<\/span><\/p>\n<p><b>Google-Maps-Widget (Google LLC)<\/b><span><br \/><\/span><span>Google Maps ist ein von Google LLC bereitgestellter Service zur Visualisierung von Karten, mit dem diese Anwendung entsprechende Inhalte auf ihren Seiten einbinden kann.<\/span><span><br \/><\/span><span>Erhobene personenbezogene Daten: Cookie und Nutzungsdaten.<\/span><span><br \/><\/span><span>Verarbeitungsort: Vereinigte Staaten \u2013<\/span><a href=\"https:\/\/policies.google.com\/privacy\"><span>Datenschutzerkl\u00e4rung<\/span><\/a><span>. Privacy Sh<\/span><span>ield-Mitglied.<\/span><\/p>\n<p><b>Remarketing und Behavioural-Targeting<\/b><span><br \/><\/span><span>Mit dieser Art von Diensten k\u00f6nnen diese Anwendung und ihre Partner analysieren, wie diese Anwendung in vorherigen Sitzungen des Nutzers verwendet wurde, um Werbung gezielt zu verbreiten, zu optimieren und einzusetzen. Diese Aktivit\u00e4t erfolgt durch Nachverfolgung der Nutzungsdaten und Verwendung von Cookies \u2013 Informationen, die den f\u00fcr die Remarketing- und Behavioural-Targeting-Kampagnen zust\u00e4ndigen Partnern \u00fcbersandt werden. Einige Dienste bieten eine Remarketing-Option auf Basis von E-Mail-Adressenlisten. Zus\u00e4tzlich zu jeder Ausschlussoption (oder Opt-out-Option), die von den unten aufgef\u00fchrten Diensten angeboten wird, kann der Nutzer die Verwendung von Cookies durch dritte Dienste ausschlie\u00dfen, indem er die\u00a0<\/span><a href=\"http:\/\/optout.networkadvertising.org\/\"><span>Opt-out-Seite der Network Advertising Initiative besucht<\/span><\/a><span>.<\/span><\/p>\n<p><b>Google Ads Remarketing (Google LLC)<\/b><span><br \/><\/span><span>Google Ads Remarketing ist ein Remarketing- und Behavioural-Targeting-Dienst von Google LLC, der die \u00fcber diese Anwendung stattfindende Aktivit\u00e4t mit dem Google Ads-Werbenetzwerk und dem DoubleClick-Cookie verbindet.<\/span><span><br \/><\/span><span>Erhobene personenbezogene Daten: Cookie und Nutzungsdaten.<\/span><span><br \/><\/span><span>Verarbeitungsort: Vereinigte Staaten \u2013<\/span><a href=\"https:\/\/policies.google.com\/privacy\"><span>Datenschutzerkl\u00e4rung<\/span><\/a><span>\u00a0\u2013\u00a0<\/span><a href=\"https:\/\/www.google.com\/settings\/ads\/onweb\/optout\"><span>Opt Out<\/span><\/a><span>. Privacy Shield-Mitglied.<\/span><\/p>\n<p><b>Tag-Verwaltung<\/b><span><br \/><\/span><span>Diese Art von Diensten helfen dem Anbieter die Tags oder Skripte, die f\u00fcr diese Anwendung ben\u00f6tigt werden, zentral zu verwalten. Dies f\u00fchrt dazu, dass die Daten des Nutzers durch diese Dienste flie\u00dfen und m\u00f6glicherweise gespeichert werden.<\/span><\/p>\n<p><b>Google Tag Manager (Google LLC)<\/b><span><br \/><\/span><span>Google Tag Manager ist ein von Google LLC bereitgestellter Dienst zur Verwaltung von Tags.<\/span><span><br \/><\/span><span>Erhobene personenbezogene Daten: Cookie und Nutzungsdaten.<\/span><span><br \/><\/span><span>Verarbeitungsort: Vereinigte Staaten \u2013<\/span><a href=\"https:\/\/policies.google.com\/privacy\"><span>Datenschutzerkl\u00e4rung<\/span><\/a><span>. Privacy Shield-Mitglied.<\/span><\/p>\n<p><b>Werbung<\/b><\/p>\n<p><span>Mit dieser Art von Diensten kann diese Anwendung Nutzerdaten f\u00fcr die Kommunikation von Werbung in Form von Bannern und anderen Marketingmethoden \u2013 m\u00f6glicherweise auf der Basis der Interessen des Nutzers \u2013 verwenden.\u00a0<\/span><span>Das hei\u00dft nicht, dass alle personenbezogenen Daten f\u00fcr diesen Zweck benutzt werden. Weitere Informationen und Nutzungsbedingungen sind nachfolgend aufgef\u00fchrt.\u00a0<\/span><span>Einige der nachfolgend aufgef\u00fchrten Dienste verwenden m\u00f6glicherweise Cookies, um Nutzer zu identifizieren, oder setzen sogenanntes Behavioural-Retargeting ein. Mit dieser Methode k\u00f6nnen auch Interessen und Surfverhaltensweisen von Nutzern identifiziert werden, die nicht \u00fcber diese Anwendung stattfinden, um Werbeanzeigen gezielt darauf abzustimmen. Weitere Informationen entnehmen Sie bitte den Datenschutzerkl\u00e4rungen der jeweiligen Dienste.\u00a0<\/span><span>Zus\u00e4tzlich zu jeder Ausschlussoption (oder Opt-out-Option), die von den unten aufgef\u00fchrten Diensten angeboten wird, kann der Nutzer die Verwendung von Cookies durch dritte Dienste ausschlie\u00dfen, indem er die\u00a0<\/span><a href=\"http:\/\/optout.networkadvertising.org\/\"><span>Opt-out-Seite der Network Advertising Initiative besucht<\/span><\/a><span>.<\/span><\/p>\n<p><b>Google Ad Manager (Google LLC)<\/b><\/p>\n<p><span>Google Ad Manager ist ein Werbedienst, der von Google LLC zur Verf\u00fcgung gestellt wird und es dem Eigent\u00fcmer erm\u00f6glicht, Werbekampagnen in Verbindung mit externen Werbenetzwerken zu schalten. Der Eigent\u00fcmer steht dabei mit den Drittparteien in keinem direkten Verh\u00e4ltnis, solange es in diesem Dokument nicht anders festgelegt wurde.\u00a0<\/span><span>Um die R\u00fcckverfolgung von diversen Werbenetzwerken zu verweigern, k\u00f6nnen Nutzer von\u00a0<\/span><a href=\"http:\/\/www.youronlinechoices.com\/\"><span>Youronlinechoices<\/span><\/a><span>\u00a0Gebrauch machen. Um mehr \u00fcber die Datennutzung von Google zu erfahren, wenden Sie sich an\u00a0<\/span><a href=\"https:\/\/www.google.com\/intl\/de\/policies\/privacy\/partners\/\"><span>Google\u2019s partner policy<\/span><\/a><span>.\u00a0<\/span><span>Dieser Dienst verwendet den \u201eDoubleClick\u201c-Cookie, um nachzuverfolgen, wie diese Anwendung genutzt wird und wie Nutzer auf Werbeanzeigen sowie auf angebotene Produkte und Dienstleistungen reagieren.\u00a0<\/span><span>Nutzer haben die M\u00f6glichkeit, alle DoubleClick-Cookies durch Anklicken des folgenden Links zu deaktivieren:<\/span><a href=\"https:\/\/www.google.com\/settings\/ads\/onweb\/optout?hl=de\"><span>www.google.com\/settings\/ads\/onweb\/optout?hl=de<\/span><\/a><span>.\u00a0<\/span><span>Erhobene personenbezogene.<\/span><span>Daten: Cookie und Nutzungsdaten.\u00a0<\/span><span>Verarbeitungsort: Vereinigte Staaten \u2013<\/span><a href=\"https:\/\/policies.google.com\/privacy\"><span>Datenschutzerkl\u00e4rung<\/span><\/a><span>. Privacy Shield-Mitglied.<\/span><\/p>\n<p><span><b>Wie kann ich die Einwilligung zur Installation von Cookies erteilen oder widerrufen?<\/b><\/span><span>\u00a0\u00a0\u00a0<\/span><\/p>\n<p><span>Zus\u00e4tzlich zu dem, was in diesem Dokument beschrieben wird, kann der Nutzer Einstellungen f\u00fcr Cookies direkt in seinem eigenen Browser verwalten und somit Drittanbieter daran hindern, Cookies zu installieren. Durch die Browser-Einstellungen ist es auch m\u00f6glich, in der Vergangenheit installierte Cookies zu l\u00f6schen, darunter auch jene Cookies, die m\u00f6glicherweise die Einwilligung f\u00fcr die Installation von Cookies durch diese Website gespeichert haben.. Der Nutzer kann, zum Beispiel, Informationen \u00fcber die Verwaltung von Cookies in den meistgenutzten Browsern unter folgenden Adressen finden:<\/span><a href=\"https:\/\/support.google.com\/chrome\/answer\/95647?hl=de&amp;p=cpn_cookies\"><span>\u00a0Google Chrome<\/span><\/a><span>,<\/span><a href=\"https:\/\/support.mozilla.org\/de\/kb\/cookies-erlauben-und-ablehnen\"><span>\u00a0Mozilla Firefox<\/span><\/a><span>,<\/span><a href=\"https:\/\/support.apple.com\/kb\/PH21411\"><span>\u00a0Apple Safari<\/span><\/a><span>\u00a0und<\/span><a href=\"http:\/\/windows.microsoft.com\/de-de\/windows-vista\/block-or-allow-cookies\"><span>\u00a0Microsoft Internet Explorer<\/span><\/a><span>.\u00a0<\/span><span>In Bezug auf von Dritten installierte Cookies k\u00f6nnen Nutzer ihre Pr\u00e4ferenzen und den Widerruf ihrer Einwilligung verwalten, indem sie auf den entsprechenden Opt-out-Link (falls vorhanden) klicken, die in der Datenschutzrichtlinie des Dritten vorgesehenen Mittel verwenden oder den Dritten kontaktieren.\u00a0<\/span><span>Ungeachtet der obigen Ausf\u00fchrungen, informiert der Anbieter, dass Nutzer den Instruktionen auf<\/span><a href=\"http:\/\/www.youronlinechoices.eu\/\"><span>\u00a0EDAA<\/span><\/a><span>\u00a0(EU),<\/span><a href=\"https:\/\/www.networkadvertising.org\/understanding-digital-advertising\"><span>\u00a0Network Advertising Initiative<\/span><\/a><span>\u00a0(US) und<\/span><a href=\"https:\/\/www.aboutads.info\/consumers\/\"><span>\u00a0Digital Advertising Alliance<\/span><\/a><span>\u00a0(US),<\/span><a href=\"https:\/\/youradchoices.ca\/understanding-online-advertising\/\"><span>\u00a0DAAC<\/span><\/a><span>\u00a0(Canada),<\/span><a href=\"http:\/\/www.ddai.info\/optout\"><span>\u00a0DDAI<\/span><\/a><span>\u00a0(Japan) oder \u00e4hnlichen Diensten folgen und davon profitieren k\u00f6nnen. Solche Dienste erm\u00f6glichen es dem Nutzer, seine Tracking-Einstellungen f\u00fcr fast alle Werbe-Tools festzulegen. Der Anbieter empfiehlt Nutzern somit, zus\u00e4tzlich zu den in diesem Dokument bereitgestellten Informationen auch von diesem Mittel Gebrauch zu machen.<\/span><\/p>\n<p><span><b>Anbieter und Verantwortlicher<\/b><\/span><\/p>\n<p><span>Nuova Kiwi Srl \u2013\u00a0<\/span><span>Via del Progresso 14 \u2013 36060 Molvena (VI)<\/span><\/p>\n<p>E-Mail-Adresse des Anbieters:<span>\u00a0info@nuovakiwi.it<\/span><\/p>\n<p><span>Da diese Anwendung Dienste von Drittanbietern nutzt, die die Installation von Cookies und anderer solcher Tracking-Systeme zur Folge hat, welche technisch nicht durch den Anbieter kontrolliert werden k\u00f6nnen, muss jeder spezifische Hinweis auf von Drittanbietern installierte Cookies und Tracking-Systeme als indikativ angesehen werden. Komplette Informationen sind den Datenschutzerkl\u00e4rungen der in diesem Dokument angegebenen jeweiligen Drittanbietern zu entnehmen.\u00a0<\/span><span>Angesichts der objektiven Komplexit\u00e4t, die mit der Identifikation von auf Cookies basierenden Technologien verbunden ist, werden Nutzer gebeten, sich mit dem Anbieter in Verbindung zu setzen, wenn sie weitere Informationen \u00fcber die Verwendung von Cookies durch diese Anwendung erhalten m\u00f6chten.<\/span><\/p>\n<p><span><b>\u00c4nderungen dieser Datenschutzerkl\u00e4rung<\/b><b><br \/><\/b><\/span><span>Der Anbieter beh\u00e4lt sich vor, jederzeit \u00c4nderungen an dieser Datenschutzerkl\u00e4rung vorzunehmen, indem sie ihre Nutzer auf dieser Seite und gegebenenfalls \u00fcber diese Anwendung und\/oder \u2013 soweit technisch und rechtlich m\u00f6glich \u2013 durch das Versenden einer Mitteilung an die Nutzer \u00fcber eine der dem Anbieter zur Verf\u00fcgung stehenden Kontaktdaten entsprechend informiert. Nutzern wird daher nahe gelegt, diese Seite regelm\u00e4\u00dfig aufzurufen und dabei das am Seitenende angegebene Datum der letzten \u00c4nderung zu pr\u00fcfen.\u00a0<\/span><span>Soweit \u00c4nderungen eine auf der Einwilligung des Nutzers basierte Datennutzung betreffen, so wird der Anbieter \u2013 soweit erforderlich \u2013 eine neue Einwilligung einholen.<\/span><\/p>\n<p><b>Personenbezogene Daten (oder Daten)<\/b><\/p>\n<p><span>Alle Informationen, durch die direkt oder in Verbindung mit weiteren Informationen die Identit\u00e4t einer nat\u00fcrlichen Person bestimmt wird oder werden kann.<\/span><\/p>\n<p><b>Nutzungsdaten<\/b><\/p>\n<p><span>Informationen, die diese Anwendung (oder Dienste Dritter, die diese Anwendung in Anspruch nimmt), automatisch erhebt, z. B.: die IP-Adressen oder Domain-Namen der Computer von Nutzern, die diese Anwendung verwenden, die URI-Adressen (Uniform Resource Identifier), den Zeitpunkt der Anfrage, die Methode, die f\u00fcr die \u00dcbersendung der Anfrage an den Server verwendet wurde, die Gr\u00f6\u00dfe der empfangenen Antwort-Datei, der Zahlencode, der den Status der Server-Antwort anzeigt (erfolgreiches Ergebnis, Fehler etc.), das Herkunftsland, die Funktionen des vom Nutzer verwendeten Browsers und Betriebssystems, die diversen Zeitangaben pro Aufruf (z. B. wie viel Zeit auf jeder Seite der Anwendung verbracht wurde) und Angaben \u00fcber den Pfad, dem innerhalb einer Anwendung gefolgt wurde, insbesondere die Reihenfolge der besuchten Seiten, sowie sonstige Informationen \u00fcber das Betriebssystem des Ger\u00e4ts und\/oder die IT-Umgebung des Nutzers.<\/span><\/p>\n<p><b>Nutzer<\/b><\/p>\n<p><span>Die diese Anwendung verwendende Person, die, soweit nicht anders bestimmt, mit dem Betroffenen \u00fcbereinstimmt.<\/span><\/p>\n<p><b>Betroffener<\/b><\/p>\n<p><span>Die nat\u00fcrliche Person, auf die sich die personenbezogenen Daten beziehen.<\/span><\/p>\n<p><b>Auftragsverarbeiter (oder Datenverarbeiter)<\/b><\/p>\n<p><span>Nat\u00fcrliche oder juristische Person, Beh\u00f6rde, Einrichtung oder andere Stelle, die personenbezogene Daten im Auftrag des Verantwortlichen verarbeitet, wie in dieser Datenschutzerkl\u00e4rung beschrieben.<\/span><\/p>\n<p><b>Verantwortlicher (oder Anbieter, teilweise auch Eigent\u00fcmer)<\/b><\/p>\n<p><span>Die nat\u00fcrliche oder juristische Person, Beh\u00f6rde, Einrichtung oder andere Stelle, die allein oder gemeinsam mit anderen \u00fcber die Zwecke und Mittel der Verarbeitung personenbezogener Daten sowie die hierf\u00fcr verwendeten Mittel entscheidet, einschlie\u00dflich der Sicherheitsma\u00dfnahmen bez\u00fcglich des sich auf diese Anwendung beziehenden Betriebs und der Nutzung. Soweit nichts anderes angegeben ist, ist der Verantwortliche die nat\u00fcrliche oder juristische Person, \u00fcber welche diese Anwendung angeboten wird.<\/span><\/p>\n<p><b>Diese Anwendung<\/b><b><br \/><\/b><span>Das Hardware- oder Software-Tool, mit dem die personenbezogenen Daten des Nutzers erhoben und verarbeitet werden.<\/span><\/p>\n<p><b>Dienst<\/b><\/p>\n<p><span>Der durch diese Anwendung angebotene Dienst, wie in den entsprechenden Nutzungsbedingungen (falls vorhanden) und auf dieser Seite\/Anwendung beschrieben.<\/span><\/p>\n<p><b>Europ\u00e4ische Union (oder EU)<\/b><\/p>\n<p><span>Sofern nicht anders angegeben, beziehen sich alle Verweise in diesem Dokument auf die Europ\u00e4ische Union auf alle derzeitigen Mitgliedstaaten der Europ\u00e4ischen Union und den Europ\u00e4ischen Wirtschaftsraum (EWR).<\/span><\/p>\n<p><b>Cookie<\/b><\/p>\n<p><span>Kleine Datei, die auf das Ger\u00e4t des Nutzers gespeichert wird.<\/span><\/p>\n<p><b>Rechtlicher Hinweis<\/b><\/p>\n<p><span>Diese Datenschutzerkl\u00e4rung wurde auf der Grundlage von Bestimmungen verschiedener Gesetzgebungen verfasst, einschlie\u00dflich Art. 13\/14 der Verordnung (EU) 2016\/679 (Datenschutz-Grundverordnung).<\/span><\/p>\n<p><span>Diese Datenschutzerkl\u00e4rung bezieht sich ausschlie\u00dflich auf diese Anwendung, sofern in diesem Dokument nicht anders angegeben.<\/span><\/p>\n<p>[\/et_pb_text][\/et_pb_column][\/et_pb_row][\/et_pb_section]<\/p>\n","protected":false},"excerpt":{"rendered":"<p>Cookie-Richtlinien von nuovakiwi.it Cookies bestehen aus Teilen von Codes, die im Browser installiert werden und dem Anbieter dabei helfen, die den erkl\u00e4rten Zwecken entsprechenden Dienste zur Verf\u00fcgung zu stellen. Einige der Zwecke, f\u00fcr die Cookies installiert werden, k\u00f6nnen auch die Einwilligung des Nutzers erfordern.\u00a0Sofern die Installation von Cookies auf einer Einwilligung beruht, kann diese jederzeit [&hellip;]<\/p>\n","protected":false},"author":1,"featured_media":0,"parent":0,"menu_order":0,"comment_status":"closed","ping_status":"closed","template":"","meta":{"_acf_changed":false,"_et_pb_use_builder":"on","_et_pb_old_content":"","_et_gb_content_width":"","footnotes":""},"class_list":["post-744","page","type-page","status-publish","hentry"],"acf":[],"_links":{"self":[{"href":"https:\/\/nuovakiwi.it\/de\/wp-json\/wp\/v2\/pages\/744","targetHints":{"allow":["GET"]}}],"collection":[{"href":"https:\/\/nuovakiwi.it\/de\/wp-json\/wp\/v2\/pages"}],"about":[{"href":"https:\/\/nuovakiwi.it\/de\/wp-json\/wp\/v2\/types\/page"}],"author":[{"embeddable":true,"href":"https:\/\/nuovakiwi.it\/de\/wp-json\/wp\/v2\/users\/1"}],"replies":[{"embeddable":true,"href":"https:\/\/nuovakiwi.it\/de\/wp-json\/wp\/v2\/comments?post=744"}],"version-history":[{"count":4,"href":"https:\/\/nuovakiwi.it\/de\/wp-json\/wp\/v2\/pages\/744\/revisions"}],"predecessor-version":[{"id":757,"href":"https:\/\/nuovakiwi.it\/de\/wp-json\/wp\/v2\/pages\/744\/revisions\/757"}],"wp:attachment":[{"href":"https:\/\/nuovakiwi.it\/de\/wp-json\/wp\/v2\/media?parent=744"}],"curies":[{"name":"wp","href":"https:\/\/api.w.org\/{rel}","templated":true}]}}